{"id":586,"date":"2022-07-18T10:45:04","date_gmt":"2022-07-18T10:45:04","guid":{"rendered":"https:\/\/onechassis.com\/?page_id=586"},"modified":"2025-01-31T21:48:08","modified_gmt":"2025-01-31T13:48:08","slug":"knowledge-center","status":"publish","type":"page","link":"https:\/\/onechassis.com\/fr\/knowledge-center\/","title":{"rendered":"Centre de connaissances"},"content":{"rendered":"<section class=\"l-section wpb_row height_medium color_alternate\"><div class=\"l-section-h i-cf\"><div class=\"g-cols vc_row via_grid cols_1 laptops-cols_inherit tablets-cols_inherit mobiles-cols_1 valign_top type_default stacking_default\"><div class=\"wpb_column vc_column_container\"><div class=\"vc_column-inner\"><div class=\"w-hwrapper valign_top align_center\" style=\"--hwrapper-gap:1.2rem\"><form class=\"w-order for_grid us-field-style_1\" action =\"http:\/\/1\" method=\"post\" onsubmit=\"return false;\" data-trp-original-action><div class=\"w-order-select\"><select id=\"us_grid_order_1\" name=\"order\" aria-label=\"Ordre\"><option value=\"\">Date de cr\u00e9ation<\/option><option value=\"date,asc\">Date de cr\u00e9ation | Inverser l'ordre<\/option><option value=\"modified\">Date de mise \u00e0 jour<\/option><option value=\"modified,asc\">Date de mise \u00e0 jour | Inverser l'ordre<\/option><\/select><\/div><input type=\"hidden\" name=\"trp-form-language\" value=\"fr\"\/><\/form><\/div><div class=\"w-separator size_medium\"><\/div><div class=\"w-grid us_grid type_grid layout_144 cols_4 valign_center pagination_infinite overflow_hidden preload_style_spinner\" id=\"us_grid_1\" style=\"--columns:4;--gap:1.5rem;\" data-filterable=\"true\"><style>@media (max-width:1200px){#us_grid_1{--columns:3!important}}@media (max-width:1080px){#us_grid_1{--columns:2!important}}@media (max-width:768px){#us_grid_1{--columns:1!important}}.layout_144 .w-grid-item-h{background:var(--color-content-bg);color:var(--color-content-heading);border-radius:0.3rem;box-shadow:0 0.03rem 0.06rem rgba(0,0,0,0.1),0 0.1rem 0.3rem rgba(0,0,0,0.1);transition-duration:0.3s}.no-touch .layout_144 .w-grid-item-h:hover{box-shadow:0 0.12rem 0.24rem rgba(0,0,0,0.1),0 0.4rem 1.2rem rgba(0,0,0,0.15);z-index:4}.layout_144 .usg_post_title_1{font-size:1rem!important}.layout_144 .usg_post_date_1{color:var(--color-content-faded)!important}.layout_144 .usg_post_taxonomy_1{color:var(--color-header-middle-text-hover)!important}.layout_144 .usg_post_image_2{position:static!important}.layout_144 .usg_vwrapper_1{position:static!important;padding:5% 8% 8% 8%!important}<\/style><div class=\"w-grid-list\">\t<article class=\"w-grid-item post-12548 post type-post status-publish format-standard has-post-thumbnail hentry category-knowledge-center tag-knowledge\" data-id=\"12548\">\r\n\t\t<div class=\"w-grid-item-h\">\r\n\t\t\t\t\t\t<div class=\"w-post-elm post_image usg_post_image_2 stretched\"><a href=\"https:\/\/onechassis.com\/fr\/knowledge-center\/optimal-ventilation-and-cooling-for-your-sheet-metal-server-chassis-enclosure\/\" aria-label=\"Ventilation et refroidissement optimaux pour votre bo\u00eetier de ch\u00e2ssis de serveur en t\u00f4le\"><img loading=\"lazy\" decoding=\"async\" width=\"200\" height=\"200\" src=\"https:\/\/onechassis.com\/wp-content\/uploads\/2025\/01\/51738119788_.pic_hd-200x200.jpg\" class=\"attachment-thumbnail size-thumbnail wp-post-image\" alt=\"\" \/><\/a><\/div><div class=\"w-vwrapper usg_vwrapper_1 align_none valign_top\" style=\"--vwrapper-gap:0.7rem\"><div class=\"w-hwrapper usg_hwrapper_1 align_none valign_middle\" style=\"--hwrapper-gap:1.2rem\"><time class=\"w-post-elm post_date usg_post_date_1 has_text_color entry-date published\" datetime=\"2025-01-29T11:04:33+08:00\">01\/29\/2025<\/time><div class=\"w-post-elm post_taxonomy usg_post_taxonomy_1 has_text_color style_simple color_link_inherit\"><span class=\"w-post-elm-before\">, <\/span><a class=\"term-7 term-knowledge-center\" href=\"https:\/\/onechassis.com\/fr\/category\/knowledge-center\/\">Centre de connaissances<\/a><\/div><\/div><h5 class=\"w-post-elm post_title usg_post_title_1 entry-title color_link_inherit\"><a href=\"https:\/\/onechassis.com\/fr\/knowledge-center\/optimal-ventilation-and-cooling-for-your-sheet-metal-server-chassis-enclosure\/\">Ventilation et refroidissement optimaux pour votre serveur de t\u00f4lerie...<\/a><\/h5><\/div>\t\t<\/div>\r\n\t\t\t<\/article>\r\n\t<article class=\"w-grid-item post-12538 post type-post status-publish format-standard has-post-thumbnail hentry category-knowledge-center tag-knowledge\" data-id=\"12538\">\r\n\t\t<div class=\"w-grid-item-h\">\r\n\t\t\t\t\t\t<div class=\"w-post-elm post_image usg_post_image_2 stretched\"><a href=\"https:\/\/onechassis.com\/fr\/knowledge-center\/waterproof-enclosures-for-server-chassis-design-for-demanding-environments\/\" aria-label=\"Bo\u00eetiers \u00e9tanches pour ch\u00e2ssis de serveurs : Conception pour les environnements exigeants\"><img loading=\"lazy\" decoding=\"async\" width=\"200\" height=\"200\" src=\"https:\/\/onechassis.com\/wp-content\/uploads\/2025\/01\/IMG-medical-embedded-computer-chassis.jpg-e1738116859731-200x200.webp\" class=\"attachment-thumbnail size-thumbnail wp-post-image\" alt=\"\" \/><\/a><\/div><div class=\"w-vwrapper usg_vwrapper_1 align_none valign_top\" style=\"--vwrapper-gap:0.7rem\"><div class=\"w-hwrapper usg_hwrapper_1 align_none valign_middle\" style=\"--hwrapper-gap:1.2rem\"><time class=\"w-post-elm post_date usg_post_date_1 has_text_color entry-date published\" datetime=\"2025-01-29T10:14:30+08:00\">01\/29\/2025<\/time><div class=\"w-post-elm post_taxonomy usg_post_taxonomy_1 has_text_color style_simple color_link_inherit\"><span class=\"w-post-elm-before\">, <\/span><a class=\"term-7 term-knowledge-center\" href=\"https:\/\/onechassis.com\/fr\/category\/knowledge-center\/\">Centre de connaissances<\/a><\/div><\/div><h5 class=\"w-post-elm post_title usg_post_title_1 entry-title color_link_inherit\"><a href=\"https:\/\/onechassis.com\/fr\/knowledge-center\/waterproof-enclosures-for-server-chassis-design-for-demanding-environments\/\">Bo\u00eetiers \u00e9tanches pour ch\u00e2ssis de serveur : Design for Demandi...<\/a><\/h5><\/div>\t\t<\/div>\r\n\t\t\t<\/article>\r\n\t<article class=\"w-grid-item post-12511 post type-post status-publish format-standard has-post-thumbnail hentry category-knowledge-center tag-knowledge\" data-id=\"12511\">\r\n\t\t<div class=\"w-grid-item-h\">\r\n\t\t\t\t\t\t<div class=\"w-post-elm post_image usg_post_image_2 stretched\"><a href=\"https:\/\/onechassis.com\/fr\/knowledge-center\/industrial-computer-chassis-the-best-solution\/\" aria-label=\"Ch\u00e2ssis d&#039;ordinateur industriel : La meilleure solution ?\"><img loading=\"lazy\" decoding=\"async\" width=\"200\" height=\"200\" src=\"https:\/\/onechassis.com\/wp-content\/uploads\/2025\/01\/11738028742_.pic_-200x200.jpg\" class=\"attachment-thumbnail size-thumbnail wp-post-image\" alt=\"\" \/><\/a><\/div><div class=\"w-vwrapper usg_vwrapper_1 align_none valign_top\" style=\"--vwrapper-gap:0.7rem\"><div class=\"w-hwrapper usg_hwrapper_1 align_none valign_middle\" style=\"--hwrapper-gap:1.2rem\"><time class=\"w-post-elm post_date usg_post_date_1 has_text_color entry-date published\" datetime=\"2025-01-28T09:47:20+08:00\">01\/28\/2025<\/time><div class=\"w-post-elm post_taxonomy usg_post_taxonomy_1 has_text_color style_simple color_link_inherit\"><span class=\"w-post-elm-before\">, <\/span><a class=\"term-7 term-knowledge-center\" href=\"https:\/\/onechassis.com\/fr\/category\/knowledge-center\/\">Centre de connaissances<\/a><\/div><\/div><h5 class=\"w-post-elm post_title usg_post_title_1 entry-title color_link_inherit\"><a href=\"https:\/\/onechassis.com\/fr\/knowledge-center\/industrial-computer-chassis-the-best-solution\/\">Ch\u00e2ssis d'ordinateur industriel : La meilleure solution ?<\/a><\/h5><\/div>\t\t<\/div>\r\n\t\t\t<\/article>\r\n\t<article class=\"w-grid-item post-12448 post type-post status-publish format-standard has-post-thumbnail hentry category-knowledge-center tag-knowledge\" data-id=\"12448\">\r\n\t\t<div class=\"w-grid-item-h\">\r\n\t\t\t\t\t\t<div class=\"w-post-elm post_image usg_post_image_2 stretched\"><a href=\"https:\/\/onechassis.com\/fr\/knowledge-center\/optimize-your-custom-server-chassis-enclosure-with-the-right-drawer-slides\/\" aria-label=\"Optimisez votre bo\u00eetier de ch\u00e2ssis de serveur personnalis\u00e9 avec les glissi\u00e8res de tiroir appropri\u00e9es\"><img loading=\"lazy\" decoding=\"async\" width=\"200\" height=\"200\" src=\"https:\/\/onechassis.com\/wp-content\/uploads\/2025\/01\/41c4c8a4dd02275c43d8f80551508a8-200x200.jpg\" class=\"attachment-thumbnail size-thumbnail wp-post-image\" alt=\"\" \/><\/a><\/div><div class=\"w-vwrapper usg_vwrapper_1 align_none valign_top\" style=\"--vwrapper-gap:0.7rem\"><div class=\"w-hwrapper usg_hwrapper_1 align_none valign_middle\" style=\"--hwrapper-gap:1.2rem\"><time class=\"w-post-elm post_date usg_post_date_1 has_text_color entry-date published\" datetime=\"2025-01-26T16:59:38+08:00\">01\/26\/2025<\/time><div class=\"w-post-elm post_taxonomy usg_post_taxonomy_1 has_text_color style_simple color_link_inherit\"><span class=\"w-post-elm-before\">, <\/span><a class=\"term-7 term-knowledge-center\" href=\"https:\/\/onechassis.com\/fr\/category\/knowledge-center\/\">Centre de connaissances<\/a><\/div><\/div><h5 class=\"w-post-elm post_title usg_post_title_1 entry-title color_link_inherit\"><a href=\"https:\/\/onechassis.com\/fr\/knowledge-center\/optimize-your-custom-server-chassis-enclosure-with-the-right-drawer-slides\/\">Optimisez votre bo\u00eetier de ch\u00e2ssis de serveur personnalis\u00e9 avec le bon...<\/a><\/h5><\/div>\t\t<\/div>\r\n\t\t\t<\/article>\r\n\t<article class=\"w-grid-item post-12444 post type-post status-publish format-standard has-post-thumbnail hentry category-knowledge-center tag-knowledge\" data-id=\"12444\">\r\n\t\t<div class=\"w-grid-item-h\">\r\n\t\t\t\t\t\t<div class=\"w-post-elm post_image usg_post_image_2 stretched\"><a href=\"https:\/\/onechassis.com\/fr\/knowledge-center\/electronic-enclosures-the-ultimate-guide-to-protecting-your-electronics\/\" aria-label=\"Bo\u00eetiers \u00e9lectroniques : Le guide ultime pour prot\u00e9ger vos appareils \u00e9lectroniques\"><img loading=\"lazy\" decoding=\"async\" width=\"200\" height=\"200\" src=\"https:\/\/onechassis.com\/wp-content\/uploads\/2025\/01\/images-200x200.png\" class=\"attachment-thumbnail size-thumbnail wp-post-image\" alt=\"\" \/><\/a><\/div><div class=\"w-vwrapper usg_vwrapper_1 align_none valign_top\" style=\"--vwrapper-gap:0.7rem\"><div class=\"w-hwrapper usg_hwrapper_1 align_none valign_middle\" style=\"--hwrapper-gap:1.2rem\"><time class=\"w-post-elm post_date usg_post_date_1 has_text_color entry-date published\" datetime=\"2025-01-26T16:42:24+08:00\">01\/26\/2025<\/time><div class=\"w-post-elm post_taxonomy usg_post_taxonomy_1 has_text_color style_simple color_link_inherit\"><span class=\"w-post-elm-before\">, <\/span><a class=\"term-7 term-knowledge-center\" href=\"https:\/\/onechassis.com\/fr\/category\/knowledge-center\/\">Centre de connaissances<\/a><\/div><\/div><h5 class=\"w-post-elm post_title usg_post_title_1 entry-title color_link_inherit\"><a href=\"https:\/\/onechassis.com\/fr\/knowledge-center\/electronic-enclosures-the-ultimate-guide-to-protecting-your-electronics\/\">Bo\u00eetiers \u00e9lectroniques : Le guide ultime pour prot\u00e9ger vos...<\/a><\/h5><\/div>\t\t<\/div>\r\n\t\t\t<\/article>\r\n\t<article class=\"w-grid-item post-12418 post type-post status-publish format-standard has-post-thumbnail hentry category-knowledge-center tag-knowledge\" data-id=\"12418\">\r\n\t\t<div class=\"w-grid-item-h\">\r\n\t\t\t\t\t\t<div class=\"w-post-elm post_image usg_post_image_2 stretched\"><a href=\"https:\/\/onechassis.com\/fr\/knowledge-center\/rock-solid-protection-the-ultimate-guide-to-rack-mount-cases\/\" aria-label=\"Une protection \u00e0 toute \u00e9preuve : Le guide ultime des bo\u00eetiers de montage en rack\"><img loading=\"lazy\" decoding=\"async\" width=\"200\" height=\"200\" src=\"https:\/\/onechassis.com\/wp-content\/uploads\/2025\/01\/ad58286b5b718be3349ec2d878ec5ec-200x200.jpg\" class=\"attachment-thumbnail size-thumbnail wp-post-image\" alt=\"\" \/><\/a><\/div><div class=\"w-vwrapper usg_vwrapper_1 align_none valign_top\" style=\"--vwrapper-gap:0.7rem\"><div class=\"w-hwrapper usg_hwrapper_1 align_none valign_middle\" style=\"--hwrapper-gap:1.2rem\"><time class=\"w-post-elm post_date usg_post_date_1 has_text_color entry-date published\" datetime=\"2025-01-26T11:56:44+08:00\">01\/26\/2025<\/time><div class=\"w-post-elm post_taxonomy usg_post_taxonomy_1 has_text_color style_simple color_link_inherit\"><span class=\"w-post-elm-before\">, <\/span><a class=\"term-7 term-knowledge-center\" href=\"https:\/\/onechassis.com\/fr\/category\/knowledge-center\/\">Centre de connaissances<\/a><\/div><\/div><h5 class=\"w-post-elm post_title usg_post_title_1 entry-title color_link_inherit\"><a href=\"https:\/\/onechassis.com\/fr\/knowledge-center\/rock-solid-protection-the-ultimate-guide-to-rack-mount-cases\/\">Une protection \u00e0 toute \u00e9preuve : Le guide ultime des bo\u00eetiers de montage en rack...<\/a><\/h5><\/div>\t\t<\/div>\r\n\t\t\t<\/article>\r\n\t<article class=\"w-grid-item post-12411 post type-post status-publish format-standard has-post-thumbnail hentry category-knowledge-center tag-knowledge\" data-id=\"12411\">\r\n\t\t<div class=\"w-grid-item-h\">\r\n\t\t\t\t\t\t<div class=\"w-post-elm post_image usg_post_image_2 stretched\"><a href=\"https:\/\/onechassis.com\/fr\/knowledge-center\/sheet-metal-or-plastic-best-server-chassis-enclosure-for-your-needs\/\" aria-label=\"T\u00f4le ou plastique : le meilleur bo\u00eetier de ch\u00e2ssis de serveur pour vos besoins ?\"><img loading=\"lazy\" decoding=\"async\" width=\"200\" height=\"200\" src=\"https:\/\/onechassis.com\/wp-content\/uploads\/2025\/01\/57a23308371de4b1b4d2a8264abd042-200x200.jpg\" class=\"attachment-thumbnail size-thumbnail wp-post-image\" alt=\"\" \/><\/a><\/div><div class=\"w-vwrapper usg_vwrapper_1 align_none valign_top\" style=\"--vwrapper-gap:0.7rem\"><div class=\"w-hwrapper usg_hwrapper_1 align_none valign_middle\" style=\"--hwrapper-gap:1.2rem\"><time class=\"w-post-elm post_date usg_post_date_1 has_text_color entry-date published\" datetime=\"2025-01-26T11:20:57+08:00\">01\/26\/2025<\/time><div class=\"w-post-elm post_taxonomy usg_post_taxonomy_1 has_text_color style_simple color_link_inherit\"><span class=\"w-post-elm-before\">, <\/span><a class=\"term-7 term-knowledge-center\" href=\"https:\/\/onechassis.com\/fr\/category\/knowledge-center\/\">Centre de connaissances<\/a><\/div><\/div><h5 class=\"w-post-elm post_title usg_post_title_1 entry-title color_link_inherit\"><a href=\"https:\/\/onechassis.com\/fr\/knowledge-center\/sheet-metal-or-plastic-best-server-chassis-enclosure-for-your-needs\/\">T\u00f4le ou plastique : le meilleur bo\u00eetier de ch\u00e2ssis de serveur pour...<\/a><\/h5><\/div>\t\t<\/div>\r\n\t\t\t<\/article>\r\n\t<article class=\"w-grid-item post-12378 post type-post status-publish format-standard has-post-thumbnail hentry category-knowledge-center tag-knowledge\" data-id=\"12378\">\r\n\t\t<div class=\"w-grid-item-h\">\r\n\t\t\t\t\t\t<div class=\"w-post-elm post_image usg_post_image_2 stretched\"><a href=\"https:\/\/onechassis.com\/fr\/knowledge-center\/choosing-the-right-metal-for-server-chassis-enclosure-a-key-decision\/\" aria-label=\"Choisir le bon m\u00e9tal pour le bo\u00eetier d&#039;un ch\u00e2ssis de serveur : Une d\u00e9cision cl\u00e9\"><img loading=\"lazy\" decoding=\"async\" width=\"200\" height=\"200\" src=\"https:\/\/onechassis.com\/wp-content\/uploads\/2023\/01\/factory-tour-Sheet-metal-SGCC-material-200x200.webp\" class=\"attachment-thumbnail size-thumbnail wp-post-image\" alt=\"Visite d&#039;usine - T\u00f4le SGCC\" \/><\/a><\/div><div class=\"w-vwrapper usg_vwrapper_1 align_none valign_top\" style=\"--vwrapper-gap:0.7rem\"><div class=\"w-hwrapper usg_hwrapper_1 align_none valign_middle\" style=\"--hwrapper-gap:1.2rem\"><time class=\"w-post-elm post_date usg_post_date_1 has_text_color entry-date published\" datetime=\"2025-01-24T18:15:44+08:00\">01\/24\/2025<\/time><div class=\"w-post-elm post_taxonomy usg_post_taxonomy_1 has_text_color style_simple color_link_inherit\"><span class=\"w-post-elm-before\">, <\/span><a class=\"term-7 term-knowledge-center\" href=\"https:\/\/onechassis.com\/fr\/category\/knowledge-center\/\">Centre de connaissances<\/a><\/div><\/div><h5 class=\"w-post-elm post_title usg_post_title_1 entry-title color_link_inherit\"><a href=\"https:\/\/onechassis.com\/fr\/knowledge-center\/choosing-the-right-metal-for-server-chassis-enclosure-a-key-decision\/\">Choisir le bon m\u00e9tal pour le bo\u00eetier d'un ch\u00e2ssis de serveur : Un \u00e9l\u00e9ment cl\u00e9...<\/a><\/h5><\/div>\t\t<\/div>\r\n\t\t\t<\/article>\r\n\t<article class=\"w-grid-item post-12370 post type-post status-publish format-standard has-post-thumbnail hentry category-knowledge-center tag-knowledge\" data-id=\"12370\">\r\n\t\t<div class=\"w-grid-item-h\">\r\n\t\t\t\t\t\t<div class=\"w-post-elm post_image usg_post_image_2 stretched\"><a href=\"https:\/\/onechassis.com\/fr\/knowledge-center\/anodized-aluminum-enclosures-for-server-chassis-durable-aesthetic\/\" aria-label=\"Bo\u00eetiers en aluminium anodis\u00e9 pour ch\u00e2ssis de serveur : Durable et esth\u00e9tique\"><img loading=\"lazy\" decoding=\"async\" width=\"150\" height=\"150\" src=\"https:\/\/onechassis.com\/wp-content\/uploads\/2022\/08\/ITX-CASE-OCS21-M-onechassis-1-150x150.jpg\" class=\"attachment-thumbnail size-thumbnail wp-post-image\" alt=\"Bo\u00eetiers Mini ITX - OCS21-M -onechassis\" srcset=\"https:\/\/onechassis.com\/wp-content\/uploads\/2022\/08\/ITX-CASE-OCS21-M-onechassis-1-150x150.jpg 150w, https:\/\/onechassis.com\/wp-content\/uploads\/2022\/08\/ITX-CASE-OCS21-M-onechassis-1-300x300.jpg 300w, https:\/\/onechassis.com\/wp-content\/uploads\/2022\/08\/ITX-CASE-OCS21-M-onechassis-1-630x630.jpg 630w, https:\/\/onechassis.com\/wp-content\/uploads\/2022\/08\/ITX-CASE-OCS21-M-onechassis-1.jpg 800w, https:\/\/onechassis.com\/wp-content\/uploads\/2022\/08\/ITX-CASE-OCS21-M-onechassis-1-400x400.jpg 400w, https:\/\/onechassis.com\/wp-content\/uploads\/2022\/08\/ITX-CASE-OCS21-M-onechassis-1-600x600.jpg 600w\" sizes=\"auto, (max-width: 150px) 100vw, 150px\" \/><\/a><\/div><div class=\"w-vwrapper usg_vwrapper_1 align_none valign_top\" style=\"--vwrapper-gap:0.7rem\"><div class=\"w-hwrapper usg_hwrapper_1 align_none valign_middle\" style=\"--hwrapper-gap:1.2rem\"><time class=\"w-post-elm post_date usg_post_date_1 has_text_color entry-date published\" datetime=\"2025-01-24T17:52:27+08:00\">01\/24\/2025<\/time><div class=\"w-post-elm post_taxonomy usg_post_taxonomy_1 has_text_color style_simple color_link_inherit\"><span class=\"w-post-elm-before\">, <\/span><a class=\"term-7 term-knowledge-center\" href=\"https:\/\/onechassis.com\/fr\/category\/knowledge-center\/\">Centre de connaissances<\/a><\/div><\/div><h5 class=\"w-post-elm post_title usg_post_title_1 entry-title color_link_inherit\"><a href=\"https:\/\/onechassis.com\/fr\/knowledge-center\/anodized-aluminum-enclosures-for-server-chassis-durable-aesthetic\/\">Bo\u00eetiers en aluminium anodis\u00e9 pour ch\u00e2ssis de serveur : Durable...<\/a><\/h5><\/div>\t\t<\/div>\r\n\t\t\t<\/article>\r\n\t<article class=\"w-grid-item post-12335 post type-post status-publish format-standard has-post-thumbnail hentry category-knowledge-center tag-knowledge\" data-id=\"12335\">\r\n\t\t<div class=\"w-grid-item-h\">\r\n\t\t\t\t\t\t<div class=\"w-post-elm post_image usg_post_image_2 stretched\"><a href=\"https:\/\/onechassis.com\/fr\/knowledge-center\/rack-mount-enclosures-the-ultimate-guide-to-cabinets-chassis\/\" aria-label=\"Armoires de montage en rack : Le guide ultime des armoires et des ch\u00e2ssis\"><img loading=\"lazy\" decoding=\"async\" width=\"200\" height=\"200\" src=\"https:\/\/onechassis.com\/wp-content\/uploads\/2025\/01\/87040444a9a3670b4b46fee1d9de658-200x200.jpg\" class=\"attachment-thumbnail size-thumbnail wp-post-image\" alt=\"\" \/><\/a><\/div><div class=\"w-vwrapper usg_vwrapper_1 align_none valign_top\" style=\"--vwrapper-gap:0.7rem\"><div class=\"w-hwrapper usg_hwrapper_1 align_none valign_middle\" style=\"--hwrapper-gap:1.2rem\"><time class=\"w-post-elm post_date usg_post_date_1 has_text_color entry-date published\" datetime=\"2025-01-24T16:30:12+08:00\">01\/24\/2025<\/time><div class=\"w-post-elm post_taxonomy usg_post_taxonomy_1 has_text_color style_simple color_link_inherit\"><span class=\"w-post-elm-before\">, <\/span><a class=\"term-7 term-knowledge-center\" href=\"https:\/\/onechassis.com\/fr\/category\/knowledge-center\/\">Centre de connaissances<\/a><\/div><\/div><h5 class=\"w-post-elm post_title usg_post_title_1 entry-title color_link_inherit\"><a href=\"https:\/\/onechassis.com\/fr\/knowledge-center\/rack-mount-enclosures-the-ultimate-guide-to-cabinets-chassis\/\">Armoires de montage en rack : Le guide ultime des armoires et...<\/a><\/h5><\/div>\t\t<\/div>\r\n\t\t\t<\/article>\r\n<\/div>\t<div class=\"w-grid-preloader\">\r\n\t\t<div class=\"g-preloader type_1\">\r\n\t\t\t<div><\/div>\r\n\t\t<\/div>\r\n\t<\/div>\r\n\t\t\t\t<div class=\"g-loadmore\">\r\n\t\t\t\t<div class=\"g-preloader type_1\">\r\n\t\t\t\t\t<div><\/div>\r\n\t\t\t\t<\/div>\r\n\t\t\t\t<button class=\"w-btn us-btn-style_1\">\r\n\t\t\t\t\t<span class=\"w-btn-label\">En savoir plus<\/span>\r\n\t\t\t\t<\/button>\r\n\t\t\t<\/div>\r\n\t\t\t\t<div class=\"w-grid-json hidden\" onclick='return {&quot;action&quot;:&quot;us_ajax_grid&quot;,&quot;infinite_scroll&quot;:true,&quot;max_num_pages&quot;:2,&quot;pagination&quot;:&quot;ajax&quot;,&quot;template_vars&quot;:{&quot;columns&quot;:&quot;4&quot;,&quot;exclude_items&quot;:&quot;none&quot;,&quot;img_size&quot;:&quot;default&quot;,&quot;ignore_items_size&quot;:&quot;1&quot;,&quot;items_layout&quot;:&quot;144&quot;,&quot;items_offset&quot;:&quot;1&quot;,&quot;load_animation&quot;:&quot;none&quot;,&quot;overriding_link&quot;:&quot;%7B%22url%22%3A%22%22%7D&quot;,&quot;post_id&quot;:0,&quot;query_args&quot;:{&quot;post_type&quot;:[&quot;post&quot;],&quot;tax_query&quot;:[{&quot;taxonomy&quot;:&quot;category&quot;,&quot;field&quot;:&quot;slug&quot;,&quot;terms&quot;:[&quot;knowledge-center&quot;]},{&quot;taxonomy&quot;:&quot;post_tag&quot;,&quot;field&quot;:&quot;slug&quot;,&quot;terms&quot;:[&quot;knowledge&quot;]}],&quot;post_status&quot;:[&quot;publish&quot;,&quot;acf-disabled&quot;],&quot;posts_per_page&quot;:&quot;10&quot;},&quot;orderby_query_args&quot;:{&quot;orderby&quot;:{&quot;date&quot;:&quot;DESC&quot;}},&quot;type&quot;:&quot;grid&quot;,&quot;us_grid_post_type&quot;:&quot;post&quot;,&quot;us_grid_ajax_index&quot;:1,&quot;us_grid_filter_query_string&quot;:null,&quot;us_grid_index&quot;:1,&quot;page_args&quot;:[]}}'><\/div>\r\n\t<\/div><\/div><\/div><\/div><\/div><\/section>","protected":false},"excerpt":{"rendered":"Cet article pr\u00e9sente une vue d'ensemble des bo\u00eetiers de montage en rack, composants essentiels pour organiser, prot\u00e9ger et s\u00e9curiser votre pr\u00e9cieux \u00e9quipement mont\u00e9 en rack. Nous explorerons diff\u00e9rents types de bo\u00eetiers, de 1U \u00e0 4U et plus, y compris les bo\u00eetiers de montage en rack 19 pouces, les options de montage mural et les ch\u00e2ssis de montage en rack en aluminium. Que vous installiez un home studio, construisiez un...","protected":false},"author":1,"featured_media":1001,"parent":0,"menu_order":0,"comment_status":"closed","ping_status":"closed","template":"","meta":{"_acf_changed":false,"footnotes":""},"class_list":["post-586","page","type-page","status-publish","has-post-thumbnail","hentry"],"acf":[],"_links":{"self":[{"href":"https:\/\/onechassis.com\/fr\/wp-json\/wp\/v2\/pages\/586","targetHints":{"allow":["GET"]}}],"collection":[{"href":"https:\/\/onechassis.com\/fr\/wp-json\/wp\/v2\/pages"}],"about":[{"href":"https:\/\/onechassis.com\/fr\/wp-json\/wp\/v2\/types\/page"}],"author":[{"embeddable":true,"href":"https:\/\/onechassis.com\/fr\/wp-json\/wp\/v2\/users\/1"}],"replies":[{"embeddable":true,"href":"https:\/\/onechassis.com\/fr\/wp-json\/wp\/v2\/comments?post=586"}],"version-history":[{"count":0,"href":"https:\/\/onechassis.com\/fr\/wp-json\/wp\/v2\/pages\/586\/revisions"}],"wp:featuredmedia":[{"embeddable":true,"href":"https:\/\/onechassis.com\/fr\/wp-json\/wp\/v2\/media\/1001"}],"wp:attachment":[{"href":"https:\/\/onechassis.com\/fr\/wp-json\/wp\/v2\/media?parent=586"}],"curies":[{"name":"wp","href":"https:\/\/api.w.org\/{rel}","templated":true}]}}