{"id":77,"date":"2022-07-13T06:55:40","date_gmt":"2022-07-13T06:55:40","guid":{"rendered":"https:\/\/onechassis.com\/?page_id=77"},"modified":"2025-02-24T17:24:58","modified_gmt":"2025-02-24T09:24:58","slug":"news","status":"publish","type":"page","link":"https:\/\/onechassis.com\/de\/news\/","title":{"rendered":"Nachrichten"},"content":{"rendered":"<section class=\"l-section wpb_row height_medium color_alternate\"><div class=\"l-section-h i-cf\"><div class=\"g-cols vc_row via_grid cols_1 laptops-cols_inherit tablets-cols_inherit mobiles-cols_1 valign_top type_default stacking_default\"><div class=\"wpb_column vc_column_container\"><div class=\"vc_column-inner\"><div class=\"w-hwrapper valign_top align_center\" style=\"--hwrapper-gap:1.2rem\"><form class=\"w-order for_grid us-field-style_1\" action =\"http:\/\/1\" method=\"post\" onsubmit=\"return false;\" data-trp-original-action><div class=\"w-order-select\"><select id=\"us_grid_order_1\" name=\"order\" aria-label=\"Reihenfolge\"><option value=\"\">Datum der Erstellung<\/option><option value=\"date,asc\">Erstellungsdatum | Reihenfolge invertieren<\/option><option value=\"modified\">Datum der Aktualisierung<\/option><option value=\"modified,asc\">Datum der Aktualisierung | Reihenfolge invertieren<\/option><\/select><\/div><input type=\"hidden\" name=\"trp-form-language\" value=\"de\"\/><\/form><\/div><div class=\"w-separator size_medium\"><\/div><div class=\"w-grid us_grid type_grid layout_144 cols_4 valign_center overflow_hidden preload_style_spinner\" id=\"us_grid_1\" style=\"--columns:4;--gap:1.5rem;\" data-filterable=\"true\"><style>@media (max-width:1200px){#us_grid_1{--columns:3!important}}@media (max-width:1080px){#us_grid_1{--columns:2!important}}@media (max-width:768px){#us_grid_1{--columns:1!important}}.layout_144 .w-grid-item-h{background:var(--color-content-bg);color:var(--color-content-heading);border-radius:0.3rem;box-shadow:0 0.03rem 0.06rem rgba(0,0,0,0.1),0 0.1rem 0.3rem rgba(0,0,0,0.1);transition-duration:0.3s}.no-touch .layout_144 .w-grid-item-h:hover{box-shadow:0 0.12rem 0.24rem rgba(0,0,0,0.1),0 0.4rem 1.2rem rgba(0,0,0,0.15);z-index:4}.layout_144 .usg_post_title_1{font-size:1rem!important}.layout_144 .usg_post_date_1{color:var(--color-content-faded)!important}.layout_144 .usg_post_taxonomy_1{color:var(--color-header-middle-text-hover)!important}.layout_144 .usg_post_image_2{position:static!important}.layout_144 .usg_vwrapper_1{position:static!important;padding:5% 8% 8% 8%!important}<\/style><div class=\"w-grid-list\">\t<article class=\"w-grid-item size_1x1 post-9572 post type-post status-publish format-standard has-post-thumbnail hentry category-news tag-news\" data-id=\"9572\">\r\n\t\t<div class=\"w-grid-item-h\">\r\n\t\t\t\t\t\t<div class=\"w-post-elm post_image usg_post_image_2 stretched\"><a href=\"https:\/\/onechassis.com\/de\/news\/onechassis-showcases-at-computex-taipei-2024\/\" aria-label=\"OneChassis pr\u00e4sentiert sich auf der Computex Taipei 2024\"><img loading=\"lazy\" decoding=\"async\" width=\"200\" height=\"200\" src=\"https:\/\/onechassis.com\/wp-content\/uploads\/2024\/08\/computex2024-onechassis-200x200.jpg\" class=\"attachment-thumbnail size-thumbnail wp-post-image\" alt=\"\" \/><\/a><\/div><div class=\"w-vwrapper usg_vwrapper_1 align_none valign_top\" style=\"--vwrapper-gap:0.7rem\"><div class=\"w-hwrapper usg_hwrapper_1 align_none valign_middle\" style=\"--hwrapper-gap:1.2rem\"><time class=\"w-post-elm post_date usg_post_date_1 has_text_color entry-date published\" datetime=\"2024-06-04T15:26:16+08:00\">06\/04\/2024<\/time><div class=\"w-post-elm post_taxonomy usg_post_taxonomy_1 has_text_color style_simple color_link_inherit\"><span class=\"w-post-elm-before\">, <\/span><a class=\"term-6 term-news\" href=\"https:\/\/onechassis.com\/de\/category\/news\/\">Nachrichten<\/a><\/div><\/div><h5 class=\"w-post-elm post_title usg_post_title_1 entry-title color_link_inherit\"><a href=\"https:\/\/onechassis.com\/de\/news\/onechassis-showcases-at-computex-taipei-2024\/\">OneChassis pr\u00e4sentiert sich auf der Computex Taipei 2024<\/a><\/h5><\/div>\t\t<\/div>\r\n\t\t\t<\/article>\r\n\t<article class=\"w-grid-item size_1x1 post-6681 post type-post status-publish format-standard has-post-thumbnail hentry category-news tag-news\" data-id=\"6681\">\r\n\t\t<div class=\"w-grid-item-h\">\r\n\t\t\t\t\t\t<div class=\"w-post-elm post_image usg_post_image_2 stretched\"><a href=\"https:\/\/onechassis.com\/de\/news\/4u-industrial-control-chassis-ocipc610p-t-unpacking\/\" aria-label=\"4U Industrie-Steuerungsgeh\u00e4use mit langer Lebensdauer: OCIPC610P-T\"><img loading=\"lazy\" decoding=\"async\" width=\"150\" height=\"150\" src=\"https:\/\/onechassis.com\/wp-content\/uploads\/2022\/10\/Classic-4U-Rackmount-Chassis-OCIPC610P-T-onechassis.com-9-150x150.webp\" class=\"attachment-thumbnail size-thumbnail wp-post-image\" alt=\"Klassisches 4U-Rackmount-Geh\u00e4use, OCIPC610P-T, onechassis.de\" srcset=\"https:\/\/onechassis.com\/wp-content\/uploads\/2022\/10\/Classic-4U-Rackmount-Chassis-OCIPC610P-T-onechassis.com-9-150x150.webp 150w, https:\/\/onechassis.com\/wp-content\/uploads\/2022\/10\/Classic-4U-Rackmount-Chassis-OCIPC610P-T-onechassis.com-9-300x300.webp 300w, https:\/\/onechassis.com\/wp-content\/uploads\/2022\/10\/Classic-4U-Rackmount-Chassis-OCIPC610P-T-onechassis.com-9-630x630.webp 630w, https:\/\/onechassis.com\/wp-content\/uploads\/2022\/10\/Classic-4U-Rackmount-Chassis-OCIPC610P-T-onechassis.com-9-400x400.webp 400w, https:\/\/onechassis.com\/wp-content\/uploads\/2022\/10\/Classic-4U-Rackmount-Chassis-OCIPC610P-T-onechassis.com-9-600x600.webp 600w, https:\/\/onechassis.com\/wp-content\/uploads\/2022\/10\/Classic-4U-Rackmount-Chassis-OCIPC610P-T-onechassis.com-9.webp 800w\" sizes=\"auto, (max-width: 150px) 100vw, 150px\" \/><\/a><\/div><div class=\"w-vwrapper usg_vwrapper_1 align_none valign_top\" style=\"--vwrapper-gap:0.7rem\"><div class=\"w-hwrapper usg_hwrapper_1 align_none valign_middle\" style=\"--hwrapper-gap:1.2rem\"><time class=\"w-post-elm post_date usg_post_date_1 has_text_color entry-date published\" datetime=\"2022-10-28T18:31:04+08:00\">10\/28\/2022<\/time><div class=\"w-post-elm post_taxonomy usg_post_taxonomy_1 has_text_color style_simple color_link_inherit\"><span class=\"w-post-elm-before\">, <\/span><a class=\"term-6 term-news\" href=\"https:\/\/onechassis.com\/de\/category\/news\/\">Nachrichten<\/a><\/div><\/div><h5 class=\"w-post-elm post_title usg_post_title_1 entry-title color_link_inherit\"><a href=\"https:\/\/onechassis.com\/de\/news\/4u-industrial-control-chassis-ocipc610p-t-unpacking\/\">4U Industrie-Steuerungsgeh\u00e4use mit langer Lebensdauer: OCIPC610P-T<\/a><\/h5><\/div>\t\t<\/div>\r\n\t\t\t<\/article>\r\n<\/div>\t<div class=\"w-grid-preloader\">\r\n\t\t<div class=\"g-preloader type_1\">\r\n\t\t\t<div><\/div>\r\n\t\t<\/div>\r\n\t<\/div>\r\n\t\t<div class=\"w-grid-json hidden\" onclick='return {&quot;action&quot;:&quot;us_ajax_grid&quot;,&quot;infinite_scroll&quot;:0,&quot;max_num_pages&quot;:1,&quot;pagination&quot;:&quot;none&quot;,&quot;template_vars&quot;:{&quot;columns&quot;:&quot;4&quot;,&quot;exclude_items&quot;:&quot;none&quot;,&quot;img_size&quot;:&quot;default&quot;,&quot;ignore_items_size&quot;:0,&quot;items_layout&quot;:&quot;144&quot;,&quot;items_offset&quot;:&quot;1&quot;,&quot;load_animation&quot;:&quot;none&quot;,&quot;overriding_link&quot;:&quot;%7B%22url%22%3A%22%22%7D&quot;,&quot;post_id&quot;:0,&quot;query_args&quot;:{&quot;post_type&quot;:[&quot;post&quot;],&quot;tax_query&quot;:[{&quot;taxonomy&quot;:&quot;category&quot;,&quot;field&quot;:&quot;slug&quot;,&quot;terms&quot;:[&quot;news&quot;]},{&quot;taxonomy&quot;:&quot;post_tag&quot;,&quot;field&quot;:&quot;slug&quot;,&quot;terms&quot;:[&quot;news&quot;]}],&quot;post_status&quot;:[&quot;publish&quot;,&quot;acf-disabled&quot;],&quot;posts_per_page&quot;:&quot;10&quot;},&quot;orderby_query_args&quot;:{&quot;orderby&quot;:{&quot;date&quot;:&quot;DESC&quot;}},&quot;type&quot;:&quot;grid&quot;,&quot;us_grid_post_type&quot;:&quot;post&quot;,&quot;us_grid_ajax_index&quot;:1,&quot;us_grid_filter_query_string&quot;:null,&quot;us_grid_index&quot;:1,&quot;page_args&quot;:[]}}'><\/div>\r\n\t<\/div><\/div><\/div><\/div><\/div><\/section>","protected":false},"excerpt":{"rendered":"1. Vorwort Seit dem Eintritt in die \u00c4ra der industriellen Automatisierung sind Industriecomputer so etwas wie der Motor der Automatisierung und Intelligenz in der gesamten Industrie. Mehr und mehr Schl\u00fcsselaufgaben in den Schl\u00fcsselindustrien verlassen sich auf IPC, was auch die rasante Entwicklung der industriellen Steuergeh\u00e4usebranche vorantreibt. In der gesamten Zusammensetzung der...","protected":false},"author":1,"featured_media":999,"parent":0,"menu_order":0,"comment_status":"closed","ping_status":"closed","template":"","meta":{"_acf_changed":false,"footnotes":""},"class_list":["post-77","page","type-page","status-publish","has-post-thumbnail","hentry"],"acf":[],"_links":{"self":[{"href":"https:\/\/onechassis.com\/de\/wp-json\/wp\/v2\/pages\/77","targetHints":{"allow":["GET"]}}],"collection":[{"href":"https:\/\/onechassis.com\/de\/wp-json\/wp\/v2\/pages"}],"about":[{"href":"https:\/\/onechassis.com\/de\/wp-json\/wp\/v2\/types\/page"}],"author":[{"embeddable":true,"href":"https:\/\/onechassis.com\/de\/wp-json\/wp\/v2\/users\/1"}],"replies":[{"embeddable":true,"href":"https:\/\/onechassis.com\/de\/wp-json\/wp\/v2\/comments?post=77"}],"version-history":[{"count":0,"href":"https:\/\/onechassis.com\/de\/wp-json\/wp\/v2\/pages\/77\/revisions"}],"wp:featuredmedia":[{"embeddable":true,"href":"https:\/\/onechassis.com\/de\/wp-json\/wp\/v2\/media\/999"}],"wp:attachment":[{"href":"https:\/\/onechassis.com\/de\/wp-json\/wp\/v2\/media?parent=77"}],"curies":[{"name":"wp","href":"https:\/\/api.w.org\/{rel}","templated":true}]}}