{"id":19237,"date":"2025-10-08T18:46:30","date_gmt":"2025-10-08T10:46:30","guid":{"rendered":"https:\/\/onechassis.com\/?page_id=19237"},"modified":"2025-10-08T18:46:30","modified_gmt":"2025-10-08T10:46:30","slug":"supermicro-compatible-server-chassis-solution","status":"publish","type":"page","link":"https:\/\/onechassis.com\/de\/supermicro-compatible-server-chassis-solution\/","title":{"rendered":"SuperMicro-kompatible Servergeh\u00e4use-L\u00f6sung"},"content":{"rendered":"<section class=\"l-section wpb_row height_auto color_alternate\"><div class=\"l-section-h i-cf\"><div class=\"g-cols vc_row via_grid cols_1 laptops-cols_inherit tablets-cols_inherit mobiles-cols_1 valign_top type_default stacking_default\"><div class=\"wpb_column vc_column_container\"><div class=\"vc_column-inner\"><div class=\"w-separator size_huge\"><\/div><div class=\"wpb_text_column us_custom_4f7e644f\"><div class=\"wpb_wrapper\"><h1 style=\"text-align: center;\">SuperMicro-kompatible Servergeh\u00e4use-L\u00f6sung<\/h1>\n<\/div><\/div><div class=\"w-separator size_medium\"><\/div><div class=\"w-grid us_grid with_filters type_grid layout_7351 cols_4 pagination_ajax overflow_hidden preload_style_spinner\" id=\"us_grid_1\" style=\"--columns:4;--gap:0.5rem;\"><style>@media (max-width:1200px){#us_grid_1{--columns:3!important}}@media (max-width:1080px){#us_grid_1{--columns:2!important}}@media (max-width:768px){#us_grid_1{--columns:1!important}}.layout_7351 .w-grid-item-h{background:var(--color-content-bg);color:var(--color-content-heading);border-radius:0.3rem;box-shadow:0 0.03rem 0.06rem rgba(0,0,0,0.1),0 0.1rem 0.3rem rgba(0,0,0,0.1);transition-duration:0.3s}.no-touch .layout_7351 .w-grid-item-h:hover{box-shadow:0 0.12rem 0.24rem rgba(0,0,0,0.1),0 0.4rem 1.2rem rgba(0,0,0,0.15);z-index:4}.layout_7351 .usg_post_image_2{transition-duration:0.3s;transform-origin:50% 50%;transform:scale(1) translate(0%,0%)}.layout_7351 .w-grid-item-h:focus-within .usg_post_image_2,.layout_7351 .w-grid-item-h:hover .usg_post_image_2{transform:scale(1.05) translate(0%,0%);opacity:1}.layout_7351 .usg_vwrapper_1{padding:5% 8% 8% 8%!important}.layout_7351 .usg_post_title_1{color:inherit!important;font-size:1rem!important}.layout_7351 .usg_post_taxonomy_2{color:inherit!important;font-size:1rem!important}@media (min-width:1081px) and (max-width:1200px){.layout_7351 .usg_post_taxonomy_2{color:inherit!important}}@media (min-width:769px) and (max-width:1080px){.layout_7351 .usg_post_taxonomy_2{color:inherit!important}}@media (max-width:768px){.layout_7351 .usg_post_title_1{color:inherit!important;font-size:0.8rem!important}.layout_7351 .usg_post_taxonomy_2{color:var(--color-content-heading)!important;font-size:0.8rem!important}}<\/style><div class=\"g-filters style_3 align_center\"><button class=\"g-filters-item active\" data-taxonomy=\"*\"><span>Alle<\/span><\/button><button class=\"g-filters-item\" data-taxonomy=\"gpu-server-case\" data-amount=\"20\"><span>GPU-Server-Geh\u00e4use<\/span><span class=\"g-filters-item-amount\">20<\/span><\/button><button class=\"g-filters-item\" data-taxonomy=\"server-chassis\" data-amount=\"6\"><span>Server-Geh\u00e4use<\/span><span class=\"g-filters-item-amount\">6<\/span><\/button><\/div><div class=\"w-grid-list\" data-filter_taxonomy_name=\"us_portfolio_category\" data-filter_default_taxonomies=\"gpu-server-case,server-chassis\">\t<article class=\"w-grid-item size_1x1 post-19463 us_portfolio type-us_portfolio status-publish has-post-thumbnail hentry us_portfolio_category-gpu-server-case us_portfolio_category-4u-server-chassis us_portfolio_tag-gpu-server-case us_portfolio_tag-server-chassis us_portfolio_tag-supermicro-compatible-server-chassis products_height-4u products_gpus-4gpus\" data-id=\"19463\">\r\n\t\t<div class=\"w-grid-item-h\">\r\n\t\t\t\t\t\t\t<a href=\"https:\/\/onechassis.com\/de\/produkt\/ocg4660-4h12-c-gpu-server\/\" class=\"w-grid-item-anchor\" aria-label=\"OCG4660-4H12-C\"><\/a>\r\n\t\t\t\t\t\t<div class=\"w-post-elm post_image usg_post_image_2 stretched\"><img loading=\"lazy\" decoding=\"async\" width=\"300\" height=\"300\" src=\"https:\/\/onechassis.com\/wp-content\/uploads\/2025\/08\/OCG4660-4H12-C-2-300x300.jpg\" class=\"attachment-medium size-medium wp-post-image\" alt=\"4-GPU-Server\" srcset=\"https:\/\/onechassis.com\/wp-content\/uploads\/2025\/08\/OCG4660-4H12-C-2-300x300.jpg 300w, https:\/\/onechassis.com\/wp-content\/uploads\/2025\/08\/OCG4660-4H12-C-2-1200x1200.jpg 1200w, https:\/\/onechassis.com\/wp-content\/uploads\/2025\/08\/OCG4660-4H12-C-2-200x200.jpg 200w, https:\/\/onechassis.com\/wp-content\/uploads\/2025\/08\/OCG4660-4H12-C-2-12x12.jpg 12w, https:\/\/onechassis.com\/wp-content\/uploads\/2025\/08\/OCG4660-4H12-C-2-630x630.jpg 630w, https:\/\/onechassis.com\/wp-content\/uploads\/2025\/08\/OCG4660-4H12-C-2-800x800.jpg 800w, https:\/\/onechassis.com\/wp-content\/uploads\/2025\/08\/OCG4660-4H12-C-2-400x400.jpg 400w, https:\/\/onechassis.com\/wp-content\/uploads\/2025\/08\/OCG4660-4H12-C-2-600x600.jpg 600w, https:\/\/onechassis.com\/wp-content\/uploads\/2025\/08\/OCG4660-4H12-C-2-1600x1600.jpg 1600w, https:\/\/onechassis.com\/wp-content\/uploads\/2025\/08\/OCG4660-4H12-C-2-scaled.avif 1924w\" sizes=\"auto, (max-width: 300px) 100vw, 300px\" \/><\/div><div class=\"w-vwrapper usg_vwrapper_1 align_none valign_top\" style=\"--vwrapper-gap:0.7rem\"><div class=\"w-post-elm post_taxonomy usg_post_taxonomy_2 has_text_color style_simple color_link_inherit\"><span class=\"term-22 term-gpu-server-case\">GPU-Server-Geh\u00e4use<\/span><b>, <\/b><span class=\"term-12 term-4u-server-chassis\">4U Server-Geh\u00e4use<\/span><\/div><h5 class=\"w-post-elm post_title usg_post_title_1 has_text_color entry-title color_link_inherit\">OCG4660-4H12-C<\/h5><\/div>\t\t<\/div>\r\n\t\t\t<\/article>\r\n\t<article class=\"w-grid-item size_1x1 post-19442 us_portfolio type-us_portfolio status-publish has-post-thumbnail hentry us_portfolio_category-gpu-server-case us_portfolio_category-4u-server-chassis us_portfolio_tag-gpu-server-case us_portfolio_tag-server-chassis us_portfolio_tag-supermicro-compatible-server-chassis products_height-4u products_gpus-5gpus\" data-id=\"19442\">\r\n\t\t<div class=\"w-grid-item-h\">\r\n\t\t\t\t\t\t\t<a href=\"https:\/\/onechassis.com\/de\/produkt\/ocg4700-5h12-c-gpu-server\/\" class=\"w-grid-item-anchor\" aria-label=\"OCG4700-5H12-C\"><\/a>\r\n\t\t\t\t\t\t<div class=\"w-post-elm post_image usg_post_image_2 stretched\"><img loading=\"lazy\" decoding=\"async\" width=\"300\" height=\"300\" src=\"https:\/\/onechassis.com\/wp-content\/uploads\/2025\/08\/OCG4700-4H12-C-3-300x300.jpg\" class=\"attachment-medium size-medium wp-post-image\" alt=\"4gpu server chassis\" srcset=\"https:\/\/onechassis.com\/wp-content\/uploads\/2025\/08\/OCG4700-4H12-C-3-300x300.jpg 300w, https:\/\/onechassis.com\/wp-content\/uploads\/2025\/08\/OCG4700-4H12-C-3-1200x1200.jpg 1200w, https:\/\/onechassis.com\/wp-content\/uploads\/2025\/08\/OCG4700-4H12-C-3-200x200.jpg 200w, https:\/\/onechassis.com\/wp-content\/uploads\/2025\/08\/OCG4700-4H12-C-3-12x12.jpg 12w, https:\/\/onechassis.com\/wp-content\/uploads\/2025\/08\/OCG4700-4H12-C-3-630x630.jpg 630w, https:\/\/onechassis.com\/wp-content\/uploads\/2025\/08\/OCG4700-4H12-C-3-800x800.jpg 800w, https:\/\/onechassis.com\/wp-content\/uploads\/2025\/08\/OCG4700-4H12-C-3-400x400.jpg 400w, https:\/\/onechassis.com\/wp-content\/uploads\/2025\/08\/OCG4700-4H12-C-3-600x600.jpg 600w, https:\/\/onechassis.com\/wp-content\/uploads\/2025\/08\/OCG4700-4H12-C-3-1600x1600.jpg 1600w, https:\/\/onechassis.com\/wp-content\/uploads\/2025\/08\/OCG4700-4H12-C-3-scaled.avif 1924w\" sizes=\"auto, (max-width: 300px) 100vw, 300px\" \/><\/div><div class=\"w-vwrapper usg_vwrapper_1 align_none valign_top\" style=\"--vwrapper-gap:0.7rem\"><div class=\"w-post-elm post_taxonomy usg_post_taxonomy_2 has_text_color style_simple color_link_inherit\"><span class=\"term-22 term-gpu-server-case\">GPU-Server-Geh\u00e4use<\/span><b>, <\/b><span class=\"term-12 term-4u-server-chassis\">4U Server-Geh\u00e4use<\/span><\/div><h5 class=\"w-post-elm post_title usg_post_title_1 has_text_color entry-title color_link_inherit\">OCG4700-5H12-C<\/h5><\/div>\t\t<\/div>\r\n\t\t\t<\/article>\r\n\t<article class=\"w-grid-item size_1x1 post-19239 us_portfolio type-us_portfolio status-publish has-post-thumbnail hentry us_portfolio_category-2u-server-chassis us_portfolio_category-supermicro-compatible-server-chassis us_portfolio_tag-server-chassis us_portfolio_tag-supermicro-compatible-server-chassis\" data-id=\"19239\">\r\n\t\t<div class=\"w-grid-item-h\">\r\n\t\t\t\t\t\t\t<a href=\"https:\/\/onechassis.com\/de\/produkt\/ocs2660-h08-c-supermicro-compatible-server-chassis\/\" class=\"w-grid-item-anchor\" aria-label=\"OCS2660-H08-C\"><\/a>\r\n\t\t\t\t\t\t<div class=\"w-post-elm post_image usg_post_image_2 stretched\"><img loading=\"lazy\" decoding=\"async\" width=\"300\" height=\"300\" src=\"https:\/\/onechassis.com\/wp-content\/uploads\/2025\/08\/OCS2660-H08-C-12-300x300.jpg\" class=\"attachment-medium size-medium wp-post-image\" alt=\"SuperMicro-kompatible Servergeh\u00e4use-L\u00f6sung\" srcset=\"https:\/\/onechassis.com\/wp-content\/uploads\/2025\/08\/OCS2660-H08-C-12-300x300.jpg 300w, https:\/\/onechassis.com\/wp-content\/uploads\/2025\/08\/OCS2660-H08-C-12-1200x1200.jpg 1200w, https:\/\/onechassis.com\/wp-content\/uploads\/2025\/08\/OCS2660-H08-C-12-200x200.jpg 200w, https:\/\/onechassis.com\/wp-content\/uploads\/2025\/08\/OCS2660-H08-C-12-12x12.jpg 12w, https:\/\/onechassis.com\/wp-content\/uploads\/2025\/08\/OCS2660-H08-C-12-630x630.jpg 630w, https:\/\/onechassis.com\/wp-content\/uploads\/2025\/08\/OCS2660-H08-C-12-800x800.jpg 800w, https:\/\/onechassis.com\/wp-content\/uploads\/2025\/08\/OCS2660-H08-C-12-400x400.jpg 400w, https:\/\/onechassis.com\/wp-content\/uploads\/2025\/08\/OCS2660-H08-C-12-600x600.jpg 600w, https:\/\/onechassis.com\/wp-content\/uploads\/2025\/08\/OCS2660-H08-C-12-1600x1600.jpg 1600w, https:\/\/onechassis.com\/wp-content\/uploads\/2025\/08\/OCS2660-H08-C-12-scaled.avif 1924w\" sizes=\"auto, (max-width: 300px) 100vw, 300px\" \/><\/div><div class=\"w-vwrapper usg_vwrapper_1 align_none valign_top\" style=\"--vwrapper-gap:0.7rem\"><div class=\"w-post-elm post_taxonomy usg_post_taxonomy_2 has_text_color style_simple color_link_inherit\"><span class=\"term-10 term-2u-server-chassis\">2U Server-Geh\u00e4use<\/span><b>, <\/b><span class=\"term-988 term-supermicro-compatible-server-chassis\">SuperMicro-kompatibles Servergeh\u00e4use<\/span><\/div><h5 class=\"w-post-elm post_title usg_post_title_1 has_text_color entry-title color_link_inherit\">OCS2660-H08-C<\/h5><\/div>\t\t<\/div>\r\n\t\t\t<\/article>\r\n<\/div>\t<div class=\"w-grid-preloader\">\r\n\t\t<div class=\"g-preloader type_1\">\r\n\t\t\t<div><\/div>\r\n\t\t<\/div>\r\n\t<\/div>\r\n\t\t<div class=\"w-grid-json hidden\" onclick='return {&quot;action&quot;:&quot;us_ajax_grid&quot;,&quot;infinite_scroll&quot;:0,&quot;max_num_pages&quot;:1,&quot;pagination&quot;:&quot;ajax&quot;,&quot;template_vars&quot;:{&quot;columns&quot;:&quot;4&quot;,&quot;exclude_items&quot;:&quot;none&quot;,&quot;img_size&quot;:&quot;default&quot;,&quot;ignore_items_size&quot;:0,&quot;items_layout&quot;:&quot;7351&quot;,&quot;items_offset&quot;:&quot;1&quot;,&quot;load_animation&quot;:&quot;none&quot;,&quot;overriding_link&quot;:&quot;%7B%22type%22%3A%22post%22%7D&quot;,&quot;post_id&quot;:0,&quot;query_args&quot;:{&quot;post_type&quot;:[&quot;us_portfolio&quot;],&quot;tax_query&quot;:[{&quot;taxonomy&quot;:&quot;us_portfolio_category&quot;,&quot;field&quot;:&quot;slug&quot;,&quot;terms&quot;:[&quot;gpu-server-case&quot;,&quot;server-chassis&quot;]},{&quot;taxonomy&quot;:&quot;us_portfolio_tag&quot;,&quot;field&quot;:&quot;slug&quot;,&quot;terms&quot;:[&quot;supermicro-compatible-server-chassis&quot;]}],&quot;post_status&quot;:[&quot;publish&quot;,&quot;acf-disabled&quot;],&quot;posts_per_page&quot;:&quot;16&quot;},&quot;orderby_query_args&quot;:{&quot;orderby&quot;:{&quot;date&quot;:&quot;DESC&quot;}},&quot;type&quot;:&quot;grid&quot;,&quot;us_grid_post_type&quot;:&quot;us_portfolio&quot;,&quot;us_grid_ajax_index&quot;:1,&quot;us_grid_filter_query_string&quot;:null,&quot;us_grid_index&quot;:1,&quot;page_args&quot;:[]}}'><\/div>\r\n\t<\/div><div class=\"w-separator size_medium\"><\/div><\/div><\/div><\/div><\/div><\/section><section class=\"l-section wpb_row height_medium\"><div class=\"l-section-h i-cf\"><div class=\"g-cols vc_row via_grid cols_1 laptops-cols_inherit tablets-cols_inherit mobiles-cols_1 valign_top type_default stacking_default\"><div class=\"wpb_column vc_column_container\"><div class=\"vc_column-inner\"><div class=\"g-cols wpb_row via_grid cols_2-3 laptops-cols_inherit tablets-cols_inherit mobiles-cols_1 valign_top type_default stacking_default\" style=\"--columns-gap:3rem;\"><div class=\"wpb_column vc_column_container\"><div class=\"vc_column-inner\"><div class=\"w-image align_none\"><div class=\"w-image-h\"><img decoding=\"async\" width=\"1200\" height=\"1200\" src=\"https:\/\/onechassis.com\/wp-content\/uploads\/2025\/08\/OCS2660-H08-C-1-1200x1200.jpg\" class=\"attachment-large size-large\" alt=\"SuperMicro-kompatible Servergeh\u00e4use-L\u00f6sung\" loading=\"lazy\" srcset=\"https:\/\/onechassis.com\/wp-content\/uploads\/2025\/08\/OCS2660-H08-C-1-1200x1200.jpg 1200w, https:\/\/onechassis.com\/wp-content\/uploads\/2025\/08\/OCS2660-H08-C-1-300x300.jpg 300w, https:\/\/onechassis.com\/wp-content\/uploads\/2025\/08\/OCS2660-H08-C-1-200x200.jpg 200w, https:\/\/onechassis.com\/wp-content\/uploads\/2025\/08\/OCS2660-H08-C-1-12x12.jpg 12w, https:\/\/onechassis.com\/wp-content\/uploads\/2025\/08\/OCS2660-H08-C-1-630x630.jpg 630w, https:\/\/onechassis.com\/wp-content\/uploads\/2025\/08\/OCS2660-H08-C-1-800x800.jpg 800w, https:\/\/onechassis.com\/wp-content\/uploads\/2025\/08\/OCS2660-H08-C-1-400x400.jpg 400w, https:\/\/onechassis.com\/wp-content\/uploads\/2025\/08\/OCS2660-H08-C-1-600x600.jpg 600w, https:\/\/onechassis.com\/wp-content\/uploads\/2025\/08\/OCS2660-H08-C-1-1600x1600.jpg 1600w, https:\/\/onechassis.com\/wp-content\/uploads\/2025\/08\/OCS2660-H08-C-1-scaled.avif 1924w\" sizes=\"auto, (max-width: 1200px) 100vw, 1200px\" \/><\/div><\/div><\/div><\/div><div class=\"wpb_column vc_column_container\"><div class=\"vc_column-inner\"><div class=\"wpb_text_column us_custom_0490361b\"><div class=\"wpb_wrapper\"><h2 style=\"text-align: center;\" data-pm-slice=\"1 1 &#091;&#093;\"><strong data-start=\"508\" data-end=\"558\">Supermicro-kompatible Server-Geh\u00e4usel\u00f6sungen<\/strong><\/h2>\n<\/div><\/div><div class=\"w-separator size_medium\"><\/div><div class=\"wpb_text_column\"><div class=\"wpb_wrapper\"><ul>\n<li>Zuverl\u00e4ssig, anpassbar und leistungsoptimiert<\/li>\n<li>Bauen Sie Ihr Supermicro-basiertes System mit einem pr\u00e4zisionsgefertigten Geh\u00e4use, das perfekte Passform, \u00fcberragende Luftzirkulation und au\u00dfergew\u00f6hnliche thermische Balance gew\u00e4hrleistet.<\/li>\n<\/ul>\n<\/div><\/div><div class=\"w-popup w-btn-wrapper align_center\"><button class=\"w-popup-trigger type_btn w-btn us-btn-style_11\" aria-label=\"Senden Sie jetzt Ihre Anfrage\" type=\"button\"><span class=\"w-btn-label\">Senden Sie jetzt Ihre Anfrage<\/span><\/button><div class=\"w-popup-overlay\" style=\"background:rgba(0,0,0,0.85);\"><\/div><div class=\"w-popup-wrap layout_default\" role=\"dialog\" aria-modal=\"true\" aria-label=\"Popup\" style=\"--title-color:var(--color-content-heading);--title-bg-color:var(--color-content-bg-alt);--content-color:var(--color-content-text);--content-bg-color:var(--color-content-bg);--popup-width:600px;\"><button aria-label=\"Schlie\u00dfen\" class=\"w-popup-closer\" type=\"button\"><\/button><div class=\"w-popup-box animation_flipHor closerpos_outside without_title\"><div class=\"w-popup-box-h\"><div class=\"w-popup-box-content\"><section class=\"l-section wpb_row height_small width_full\"><div class=\"l-section-h i-cf\"><div class=\"g-cols vc_row via_grid cols_1 laptops-cols_inherit tablets-cols_inherit mobiles-cols_1 valign_top type_default stacking_default\" style=\"--columns-gap:0.3rem;\"><div class=\"wpb_column vc_column_container us_custom_fa4a3455\"><div class=\"vc_column-inner\"><h2 class=\"w-text us_custom_b91424ac\"><span class=\"w-text-h\"><span class=\"w-text-value\">Jetzt anfragen<\/span><\/span><\/h2>\n<div class=\"wpcf7 no-js\" id=\"wpcf7-f674-o1\" lang=\"en-US\" dir=\"ltr\" data-wpcf7-id=\"674\">\n<div class=\"screen-reader-response\"><p role=\"status\" aria-live=\"polite\" aria-atomic=\"true\"><\/p> <ul><\/ul><\/div>\n<form action=\"\/de\/wp-json\/wp\/v2\/pages\/19237#wpcf7-f674-o1\" method=\"post\" class=\"wpcf7-form init\" aria-label=\"Kontakt-Formular\" enctype=\"multipart\/form-data\" novalidate=\"novalidate\" data-status=\"init\" data-trp-original-action=\"\/de\/wp-json\/wp\/v2\/pages\/19237#wpcf7-f674-o1\">\n<fieldset class=\"hidden-fields-container\"><input type=\"hidden\" name=\"_wpcf7\" value=\"674\" \/><input type=\"hidden\" name=\"_wpcf7_version\" value=\"6.1.5\" \/><input type=\"hidden\" name=\"_wpcf7_locale\" value=\"en_US\" \/><input type=\"hidden\" name=\"_wpcf7_unit_tag\" value=\"wpcf7-f674-o1\" \/><input type=\"hidden\" name=\"_wpcf7_container_post\" value=\"0\" \/><input type=\"hidden\" name=\"_wpcf7_posted_data_hash\" value=\"\" \/><input type=\"hidden\" name=\"_wpcf7_recaptcha_response\" value=\"\" \/>\n<\/fieldset>\n<p><label> <span class=\"wpcf7-form-control-wrap\" data-name=\"your-name\"><input size=\"40\" maxlength=\"400\" class=\"wpcf7-form-control wpcf7-text wpcf7-validates-as-required\" aria-required=\"true\" aria-invalid=\"false\" placeholder=\"Ihr Name*\" value=\"\" type=\"text\" name=\"your-name\" \/><\/span> <\/label><br \/>\n<label><span class=\"wpcf7-form-control-wrap\" data-name=\"your-email\"><input size=\"40\" maxlength=\"400\" class=\"wpcf7-form-control wpcf7-email wpcf7-validates-as-required wpcf7-text wpcf7-validates-as-email\" aria-required=\"true\" aria-invalid=\"false\" placeholder=\"Ihre E-Mail*\" value=\"\" type=\"email\" name=\"your-email\" \/><\/span> <\/label><br \/>\n<label><span class=\"wpcf7-form-control-wrap\" data-name=\"tel-138\"><input size=\"40\" maxlength=\"400\" class=\"wpcf7-form-control wpcf7-tel wpcf7-text wpcf7-validates-as-tel\" aria-invalid=\"false\" placeholder=\"Ihr Telefon\" value=\"\" type=\"tel\" name=\"tel-138\" \/><\/span> <\/label><br \/>\n<label><span class=\"wpcf7-form-control-wrap\" data-name=\"your-message\"><textarea cols=\"40\" rows=\"10\" maxlength=\"2000\" class=\"wpcf7-form-control wpcf7-textarea wpcf7-validates-as-required\" aria-required=\"true\" aria-invalid=\"false\" placeholder=\"Ihre Nachricht*\" name=\"your-message\"><\/textarea><\/span> <\/label>\n<\/p>\n<p>Zeichnungen hochladen<br \/>\n<span class=\"wpcf7-form-control-wrap\" data-name=\"file-488\"><input size=\"40\" class=\"wpcf7-form-control wpcf7-file\" accept=\".jpg,.jpeg,.pdf,.dwg,.dxf,.stp,.step,.xt,.igs,.stl,.prt,.7z,.zip,.rar\" aria-invalid=\"false\" type=\"file\" name=\"file-488\" \/><\/span>\n<\/p>\n<p align=\"center\"><input class=\"wpcf7-form-control wpcf7-submit has-spinner\" type=\"submit\" value=\"Einreichen\" \/>\n<\/p><input type='hidden' class='wpcf7-pum' value='{\"closepopup\":false,\"closedelay\":0,\"openpopup\":false,\"openpopup_id\":0}' \/><div class=\"wpcf7-response-output\" aria-hidden=\"true\"><\/div>\n<input type=\"hidden\" name=\"trp-form-language\" value=\"de\"\/><\/form>\n<\/div>\n<\/div><\/div><\/div><\/div><\/section>\n<\/div><\/div><\/div><\/div><\/div><\/div><\/div><\/div><div class=\"w-separator size_small\"><\/div><\/div><\/div><\/div><\/div><\/section>","protected":false},"excerpt":{"rendered":"","protected":false},"author":1,"featured_media":23200,"parent":0,"menu_order":0,"comment_status":"closed","ping_status":"closed","template":"","meta":{"_acf_changed":false,"footnotes":""},"class_list":["post-19237","page","type-page","status-publish","has-post-thumbnail","hentry"],"acf":[],"_links":{"self":[{"href":"https:\/\/onechassis.com\/de\/wp-json\/wp\/v2\/pages\/19237","targetHints":{"allow":["GET"]}}],"collection":[{"href":"https:\/\/onechassis.com\/de\/wp-json\/wp\/v2\/pages"}],"about":[{"href":"https:\/\/onechassis.com\/de\/wp-json\/wp\/v2\/types\/page"}],"author":[{"embeddable":true,"href":"https:\/\/onechassis.com\/de\/wp-json\/wp\/v2\/users\/1"}],"replies":[{"embeddable":true,"href":"https:\/\/onechassis.com\/de\/wp-json\/wp\/v2\/comments?post=19237"}],"version-history":[{"count":0,"href":"https:\/\/onechassis.com\/de\/wp-json\/wp\/v2\/pages\/19237\/revisions"}],"wp:featuredmedia":[{"embeddable":true,"href":"https:\/\/onechassis.com\/de\/wp-json\/wp\/v2\/media\/23200"}],"wp:attachment":[{"href":"https:\/\/onechassis.com\/de\/wp-json\/wp\/v2\/media?parent=19237"}],"curies":[{"name":"wp","href":"https:\/\/api.w.org\/{rel}","templated":true}]}}