{"id":19,"date":"2022-07-12T09:01:08","date_gmt":"2022-07-12T09:01:08","guid":{"rendered":"https:\/\/onechassis.com\/?page_id=19"},"modified":"2025-12-09T15:44:00","modified_gmt":"2025-12-09T07:44:00","slug":"contact-us","status":"publish","type":"page","link":"https:\/\/onechassis.com\/de\/contact-us\/","title":{"rendered":"Kontakt US"},"content":{"rendered":"<section class=\"l-section wpb_row height_medium\"><div class=\"l-section-h i-cf\"><div class=\"g-cols vc_row via_grid cols_2-1 laptops-cols_inherit tablets-cols_inherit mobiles-cols_1 valign_top type_default stacking_default\" style=\"--columns-gap:58px;\"><div class=\"wpb_column vc_column_container us_custom_3c6f4712\"><div class=\"vc_column-inner\"><div class=\"w-text us_custom_73243e18 has_text_color\"><span class=\"w-text-h\"><span class=\"w-text-value\">Schnell bekommen<\/span><\/span><\/div><h1 class=\"w-text us_custom_2a2cda79\"><span class=\"w-text-h\"><span class=\"w-text-value\">Antwort<\/span><\/span><\/h1><div class=\"wpb_text_column us_custom_029c40e5\"><div class=\"wpb_wrapper\"><p>Teilen Sie uns Ihren Bedarf mit, wir werden uns in k\u00fcrzester Zeit mit Ihnen in Verbindung setzen.<\/p>\n<\/div><\/div><div class=\"w-separator size_custom with_line width_default thick_1 style_solid color_border align_center\" style=\"height:2rem\"><div class=\"w-separator-h\"><\/div><\/div><div class=\"w-iconbox iconpos_left style_outlined color_custom align_left no_text\"><div class=\"w-iconbox-icon\" style=\"font-size:17px;\"><i class=\"far fa-map-marker-alt\"><\/i><\/div><div class=\"w-iconbox-meta\"><div class=\"w-iconbox-title\">Geb\u00e4ude 5, Yihengda Technology Industrial Park, Nr. 10, Longjiang 2nd Road, Xiekeng Village, Qingxi Town, Dongguan City, Guangdong Province<\/div><\/div><\/div><div class=\"w-separator size_custom\" style=\"height:0.4rem\"><\/div><div class=\"w-iconbox iconpos_left style_outlined color_custom align_left no_text\"><div class=\"w-iconbox-icon\" style=\"font-size:17px;\"><i class=\"far fa-phone\"><\/i><\/div><div class=\"w-iconbox-meta\"><div class=\"w-iconbox-title\">+86 138 2378 2297<\/div><\/div><\/div><div class=\"w-separator size_custom\" style=\"height:0.4rem\"><\/div><div class=\"w-iconbox us_custom_a574d586 has_text_color iconpos_left style_outlined color_custom align_left no_text\"><div class=\"w-iconbox-icon\" style=\"font-size:17px;\"><i class=\"fab fa-fab fa-whatsapp\"><\/i><\/div><div class=\"w-iconbox-meta\"><div class=\"w-iconbox-title\">+86 138 2378 2297 , Einziger offizieller WhatsApp-Account, Achtung: Dies ist unser einziger offizieller WhatsApp-Account. Vorsicht vor Nachahmungen.<\/div><\/div><\/div><div class=\"w-separator size_custom\" style=\"height:0.4rem\"><\/div><div class=\"w-iconbox iconpos_left style_outlined color_custom align_left no_text\"><div class=\"w-iconbox-icon\" style=\"font-size:17px;\"><i class=\"fab fa-fab fa-skype\"><\/i><\/div><div class=\"w-iconbox-meta\"><div class=\"w-iconbox-title\">Christina_Ein-Fahrgestell<\/div><\/div><\/div><div class=\"w-separator size_custom\" style=\"height:0.4rem\"><\/div><div class=\"w-iconbox iconpos_left style_outlined color_custom align_left no_text\"><a href=\"mailto:info@example.com\" class=\"w-iconbox-link\" aria-label=\"sales@onechassis.com\"><div class=\"w-iconbox-icon\" style=\"font-size:17px;\"><i class=\"far fa-envelope\"><\/i><\/div><\/a><div class=\"w-iconbox-meta\"><div class=\"w-iconbox-title\"><a href=\"mailto:info@example.com\" class=\"w-iconbox-link\" aria-label=\"sales@onechassis.com\">sales@onechassis.com<\/a><\/div><\/div><\/div><div class=\"wpb_text_column us_custom_b736c925\"><div class=\"wpb_wrapper\"><p>Wir beantworten gerne Ihre gesch\u00e4ftlichen und sonstigen Fragen. <a href=\"https:\/\/onechassis.com\/de\/\">OneChassis<\/a> wird Sie immer unterst\u00fctzen und ein guter Partner f\u00fcr Ihr Gesch\u00e4ft in China sein<\/p>\n<\/div><\/div><\/div><\/div><div class=\"wpb_column vc_column_container\"><div class=\"vc_column-inner\"><div class=\"w-separator size_custom\" style=\"height:35px\"><\/div><div class=\"wpb_text_column us_custom_3090c82c\"><div class=\"wpb_wrapper\"><h1><strong>Kontakt<\/strong><\/h1>\n<\/div><\/div><div class=\"w-separator size_small\"><\/div><div class=\"wpb_text_column us_custom_89417669\"><div class=\"wpb_wrapper\"><p style=\"text-align: left;\">F\u00fcllen Sie das untenstehende Formular so einfach wie m\u00f6glich aus und machen Sie sich keine Gedanken \u00fcber die Details. Wir werden Sie so schnell wie m\u00f6glich kontaktieren.<\/p>\n<\/div><\/div>\n<div class=\"wpcf7 no-js\" id=\"wpcf7-f674-o1\" lang=\"en-US\" dir=\"ltr\" data-wpcf7-id=\"674\">\n<div class=\"screen-reader-response\"><p role=\"status\" aria-live=\"polite\" aria-atomic=\"true\"><\/p> <ul><\/ul><\/div>\n<form action=\"\/de\/wp-json\/wp\/v2\/pages\/19#wpcf7-f674-o1\" method=\"post\" class=\"wpcf7-form init\" aria-label=\"Kontakt-Formular\" enctype=\"multipart\/form-data\" novalidate=\"novalidate\" data-status=\"init\" data-trp-original-action=\"\/de\/wp-json\/wp\/v2\/pages\/19#wpcf7-f674-o1\">\n<fieldset class=\"hidden-fields-container\"><input type=\"hidden\" name=\"_wpcf7\" value=\"674\" \/><input type=\"hidden\" name=\"_wpcf7_version\" value=\"6.1.5\" \/><input type=\"hidden\" name=\"_wpcf7_locale\" value=\"en_US\" \/><input type=\"hidden\" name=\"_wpcf7_unit_tag\" value=\"wpcf7-f674-o1\" \/><input type=\"hidden\" name=\"_wpcf7_container_post\" value=\"0\" \/><input type=\"hidden\" name=\"_wpcf7_posted_data_hash\" value=\"\" \/><input type=\"hidden\" name=\"_wpcf7_recaptcha_response\" value=\"\" \/>\n<\/fieldset>\n<p><label> <span class=\"wpcf7-form-control-wrap\" data-name=\"your-name\"><input size=\"40\" maxlength=\"400\" class=\"wpcf7-form-control wpcf7-text wpcf7-validates-as-required\" aria-required=\"true\" aria-invalid=\"false\" placeholder=\"Ihr Name*\" value=\"\" type=\"text\" name=\"your-name\" \/><\/span> <\/label><br \/>\n<label><span class=\"wpcf7-form-control-wrap\" data-name=\"your-email\"><input size=\"40\" maxlength=\"400\" class=\"wpcf7-form-control wpcf7-email wpcf7-validates-as-required wpcf7-text wpcf7-validates-as-email\" aria-required=\"true\" aria-invalid=\"false\" placeholder=\"Ihre E-Mail*\" value=\"\" type=\"email\" name=\"your-email\" \/><\/span> <\/label><br \/>\n<label><span class=\"wpcf7-form-control-wrap\" data-name=\"tel-138\"><input size=\"40\" maxlength=\"400\" class=\"wpcf7-form-control wpcf7-tel wpcf7-text wpcf7-validates-as-tel\" aria-invalid=\"false\" placeholder=\"Ihr Telefon\" value=\"\" type=\"tel\" name=\"tel-138\" \/><\/span> <\/label><br \/>\n<label><span class=\"wpcf7-form-control-wrap\" data-name=\"your-message\"><textarea cols=\"40\" rows=\"10\" maxlength=\"2000\" class=\"wpcf7-form-control wpcf7-textarea wpcf7-validates-as-required\" aria-required=\"true\" aria-invalid=\"false\" placeholder=\"Ihre Nachricht*\" name=\"your-message\"><\/textarea><\/span> <\/label>\n<\/p>\n<p>Zeichnungen hochladen<br \/>\n<span class=\"wpcf7-form-control-wrap\" data-name=\"file-488\"><input size=\"40\" class=\"wpcf7-form-control wpcf7-file\" accept=\".jpg,.jpeg,.pdf,.dwg,.dxf,.stp,.step,.xt,.igs,.stl,.prt,.7z,.zip,.rar\" aria-invalid=\"false\" type=\"file\" name=\"file-488\" \/><\/span>\n<\/p>\n<p align=\"center\"><input class=\"wpcf7-form-control wpcf7-submit has-spinner\" type=\"submit\" value=\"Einreichen\" \/>\n<\/p><input type='hidden' class='wpcf7-pum' value='{\"closepopup\":false,\"closedelay\":0,\"openpopup\":false,\"openpopup_id\":0}' \/><div class=\"wpcf7-response-output\" aria-hidden=\"true\"><\/div>\n<input type=\"hidden\" name=\"trp-form-language\" value=\"de\"\/><\/form>\n<\/div>\n\n<\/div><\/div><\/div><\/div><\/section>","protected":false},"excerpt":{"rendered":"Schnelle Antwort erhalten","protected":false},"author":1,"featured_media":1558,"parent":0,"menu_order":0,"comment_status":"closed","ping_status":"closed","template":"","meta":{"_acf_changed":false,"footnotes":""},"class_list":["post-19","page","type-page","status-publish","has-post-thumbnail","hentry"],"acf":[],"_links":{"self":[{"href":"https:\/\/onechassis.com\/de\/wp-json\/wp\/v2\/pages\/19","targetHints":{"allow":["GET"]}}],"collection":[{"href":"https:\/\/onechassis.com\/de\/wp-json\/wp\/v2\/pages"}],"about":[{"href":"https:\/\/onechassis.com\/de\/wp-json\/wp\/v2\/types\/page"}],"author":[{"embeddable":true,"href":"https:\/\/onechassis.com\/de\/wp-json\/wp\/v2\/users\/1"}],"replies":[{"embeddable":true,"href":"https:\/\/onechassis.com\/de\/wp-json\/wp\/v2\/comments?post=19"}],"version-history":[{"count":5,"href":"https:\/\/onechassis.com\/de\/wp-json\/wp\/v2\/pages\/19\/revisions"}],"predecessor-version":[{"id":26721,"href":"https:\/\/onechassis.com\/de\/wp-json\/wp\/v2\/pages\/19\/revisions\/26721"}],"wp:featuredmedia":[{"embeddable":true,"href":"https:\/\/onechassis.com\/de\/wp-json\/wp\/v2\/media\/1558"}],"wp:attachment":[{"href":"https:\/\/onechassis.com\/de\/wp-json\/wp\/v2\/media?parent=19"}],"curies":[{"name":"wp","href":"https:\/\/api.w.org\/{rel}","templated":true}]}}