{"id":11982,"date":"2025-01-13T14:21:32","date_gmt":"2025-01-13T06:21:32","guid":{"rendered":"https:\/\/onechassis.com\/?page_id=11982"},"modified":"2025-01-31T14:12:14","modified_gmt":"2025-01-31T06:12:14","slug":"11982-2","status":"publish","type":"page","link":"https:\/\/onechassis.com\/de\/11982-2\/","title":{"rendered":"#11982"},"content":{"rendered":"<section class=\"l-section wpb_row height_medium\"><div class=\"l-section-h i-cf\"><div class=\"g-cols vc_row via_grid cols_1-3 laptops-cols_inherit tablets-cols_inherit mobiles-cols_1 valign_top type_default stacking_default\"><div class=\"wpb_column vc_column_container\"><div class=\"vc_column-inner\"><\/div><\/div><div class=\"wpb_column vc_column_container\"><div class=\"vc_column-inner\"><div class=\"w-vwrapper align_none valign_top\"><form  class=\"w-order for_list us-field-style_1 change_url_params scroll_to_list\" action =\"http:\/\/1\" method=\"post\" onsubmit=\"return false;\" data-trp-original-action><div class=\"w-order-select\"><select  id=\"us_list_order_m973\" name=\"list_order\" aria-label=\"Reihenfolge\"><option value=\"\">Standard<\/option><option value=\"date\">Datum der Erstellung<\/option><option value=\"date%2Casc\">Erstellungsdatum | Reihenfolge invertieren<\/option><option value=\"modified\">Datum der Aktualisierung<\/option><option value=\"modified%2Casc\">Datum der Aktualisierung | Reihenfolge invertieren<\/option><\/select><\/div><input type=\"hidden\" name=\"trp-form-language\" value=\"de\"\/><\/form><form class=\"w-order for_grid us-field-style_1\" action =\"http:\/\/1\" method=\"post\" onsubmit=\"return false;\" data-trp-original-action><div class=\"w-order-select\"><select id=\"us_grid_order_1\" name=\"order\" aria-label=\"Reihenfolge\"><option value=\"\">Standard<\/option><option value=\"date\">Datum der Erstellung<\/option><option value=\"date,asc\">Erstellungsdatum | Reihenfolge invertieren<\/option><\/select><\/div><input type=\"hidden\" name=\"trp-form-language\" value=\"de\"\/><\/form><\/div><div class=\"w-grid us_grid type_grid layout_144 cols_3 valign_center overflow_hidden preload_style_spinner\" id=\"us_grid_1\" style=\"--columns:3;--gap:1.5rem;\" data-filterable=\"true\"><style>@media (max-width:1080px){#us_grid_1{--columns:2!important}}@media (max-width:768px){#us_grid_1{--columns:1!important}}.layout_144 .w-grid-item-h{background:var(--color-content-bg);color:var(--color-content-heading);border-radius:0.3rem;box-shadow:0 0.03rem 0.06rem rgba(0,0,0,0.1),0 0.1rem 0.3rem rgba(0,0,0,0.1);transition-duration:0.3s}.no-touch .layout_144 .w-grid-item-h:hover{box-shadow:0 0.12rem 0.24rem rgba(0,0,0,0.1),0 0.4rem 1.2rem rgba(0,0,0,0.15);z-index:4}.layout_144 .usg_post_title_1{font-size:1rem!important}.layout_144 .usg_post_date_1{color:var(--color-content-faded)!important}.layout_144 .usg_post_taxonomy_1{color:var(--color-header-middle-text-hover)!important}.layout_144 .usg_post_image_2{position:static!important}.layout_144 .usg_vwrapper_1{position:static!important;padding:5% 8% 8% 8%!important}<\/style><div class=\"w-grid-list\">\t<article class=\"w-grid-item size_1x1 post-12548 post type-post status-publish format-standard has-post-thumbnail hentry category-knowledge-center tag-knowledge\" data-id=\"12548\">\r\n\t\t<div class=\"w-grid-item-h\">\r\n\t\t\t\t\t\t<div class=\"w-post-elm post_image usg_post_image_2 stretched\"><a href=\"https:\/\/onechassis.com\/de\/knowledge-center\/optimal-ventilation-and-cooling-for-your-sheet-metal-server-chassis-enclosure\/\" aria-label=\"Optimale Bel\u00fcftung und K\u00fchlung f\u00fcr Ihr Servergeh\u00e4use aus Blech\"><img loading=\"lazy\" decoding=\"async\" width=\"200\" height=\"200\" src=\"https:\/\/onechassis.com\/wp-content\/uploads\/2025\/01\/51738119788_.pic_hd-200x200.jpg\" class=\"attachment-thumbnail size-thumbnail wp-post-image\" alt=\"\" \/><\/a><\/div><div class=\"w-vwrapper usg_vwrapper_1 align_none valign_top\"><div class=\"w-hwrapper usg_hwrapper_1 align_none valign_middle\"><time class=\"w-post-elm post_date usg_post_date_1 has_text_color entry-date published\" datetime=\"2025-01-29T11:04:33+08:00\">01\/29\/2025<\/time><div class=\"w-post-elm post_taxonomy usg_post_taxonomy_1 has_text_color style_simple color_link_inherit\"><span class=\"w-post-elm-before\">, <\/span><a class=\"term-7 term-knowledge-center\" href=\"https:\/\/onechassis.com\/de\/category\/knowledge-center\/\"><span class=\"w-btn-label\">Wissenszentrum<\/span><\/a><\/div><\/div><h5 class=\"w-post-elm post_title usg_post_title_1 entry-title color_link_inherit\"><a href=\"https:\/\/onechassis.com\/de\/knowledge-center\/optimal-ventilation-and-cooling-for-your-sheet-metal-server-chassis-enclosure\/\">Optimale Bel\u00fcftung und K\u00fchlung f\u00fcr Ihren Blechserver...<\/a><\/h5><\/div>\t\t<\/div>\r\n\t\t\t<\/article>\r\n\t<article class=\"w-grid-item size_1x1 post-12538 post type-post status-publish format-standard has-post-thumbnail hentry category-knowledge-center tag-knowledge\" data-id=\"12538\">\r\n\t\t<div class=\"w-grid-item-h\">\r\n\t\t\t\t\t\t<div class=\"w-post-elm post_image usg_post_image_2 stretched\"><a href=\"https:\/\/onechassis.com\/de\/knowledge-center\/waterproof-enclosures-for-server-chassis-design-for-demanding-environments\/\" aria-label=\"Wasserdichte Geh\u00e4use f\u00fcr Serverchassis: Design f\u00fcr anspruchsvolle Umgebungen\"><img loading=\"lazy\" decoding=\"async\" width=\"200\" height=\"200\" src=\"https:\/\/onechassis.com\/wp-content\/uploads\/2025\/01\/IMG-medical-embedded-computer-chassis.jpg-e1738116859731-200x200.webp\" class=\"attachment-thumbnail size-thumbnail wp-post-image\" alt=\"\" \/><\/a><\/div><div class=\"w-vwrapper usg_vwrapper_1 align_none valign_top\"><div class=\"w-hwrapper usg_hwrapper_1 align_none valign_middle\"><time class=\"w-post-elm post_date usg_post_date_1 has_text_color entry-date published\" datetime=\"2025-01-29T10:14:30+08:00\">01\/29\/2025<\/time><div class=\"w-post-elm post_taxonomy usg_post_taxonomy_1 has_text_color style_simple color_link_inherit\"><span class=\"w-post-elm-before\">, <\/span><a class=\"term-7 term-knowledge-center\" href=\"https:\/\/onechassis.com\/de\/category\/knowledge-center\/\"><span class=\"w-btn-label\">Wissenszentrum<\/span><\/a><\/div><\/div><h5 class=\"w-post-elm post_title usg_post_title_1 entry-title color_link_inherit\"><a href=\"https:\/\/onechassis.com\/de\/knowledge-center\/waterproof-enclosures-for-server-chassis-design-for-demanding-environments\/\">Wasserdichte Geh\u00e4use f\u00fcr Serverchassis: Design f\u00fcr anspruchsvolles...<\/a><\/h5><\/div>\t\t<\/div>\r\n\t\t\t<\/article>\r\n\t<article class=\"w-grid-item size_1x1 post-12511 post type-post status-publish format-standard has-post-thumbnail hentry category-knowledge-center tag-knowledge\" data-id=\"12511\">\r\n\t\t<div class=\"w-grid-item-h\">\r\n\t\t\t\t\t\t<div class=\"w-post-elm post_image usg_post_image_2 stretched\"><a href=\"https:\/\/onechassis.com\/de\/knowledge-center\/industrial-computer-chassis-the-best-solution\/\" aria-label=\"Industrielle Computer-Geh\u00e4use: Die beste L\u00f6sung?\"><img loading=\"lazy\" decoding=\"async\" width=\"200\" height=\"200\" src=\"https:\/\/onechassis.com\/wp-content\/uploads\/2025\/01\/11738028742_.pic_-200x200.jpg\" class=\"attachment-thumbnail size-thumbnail wp-post-image\" alt=\"\" \/><\/a><\/div><div class=\"w-vwrapper usg_vwrapper_1 align_none valign_top\"><div class=\"w-hwrapper usg_hwrapper_1 align_none valign_middle\"><time class=\"w-post-elm post_date usg_post_date_1 has_text_color entry-date published\" datetime=\"2025-01-28T09:47:20+08:00\">01\/28\/2025<\/time><div class=\"w-post-elm post_taxonomy usg_post_taxonomy_1 has_text_color style_simple color_link_inherit\"><span class=\"w-post-elm-before\">, <\/span><a class=\"term-7 term-knowledge-center\" href=\"https:\/\/onechassis.com\/de\/category\/knowledge-center\/\"><span class=\"w-btn-label\">Wissenszentrum<\/span><\/a><\/div><\/div><h5 class=\"w-post-elm post_title usg_post_title_1 entry-title color_link_inherit\"><a href=\"https:\/\/onechassis.com\/de\/knowledge-center\/industrial-computer-chassis-the-best-solution\/\">Industrielle Computer-Geh\u00e4use: Die beste L\u00f6sung?<\/a><\/h5><\/div>\t\t<\/div>\r\n\t\t\t<\/article>\r\n\t<article class=\"w-grid-item size_1x1 post-12448 post type-post status-publish format-standard has-post-thumbnail hentry category-knowledge-center tag-knowledge\" data-id=\"12448\">\r\n\t\t<div class=\"w-grid-item-h\">\r\n\t\t\t\t\t\t<div class=\"w-post-elm post_image usg_post_image_2 stretched\"><a href=\"https:\/\/onechassis.com\/de\/knowledge-center\/optimize-your-custom-server-chassis-enclosure-with-the-right-drawer-slides\/\" aria-label=\"Optimieren Sie Ihr individuelles Servergeh\u00e4use mit den richtigen Schubladenf\u00fchrungen\"><img loading=\"lazy\" decoding=\"async\" width=\"200\" height=\"200\" src=\"https:\/\/onechassis.com\/wp-content\/uploads\/2025\/01\/41c4c8a4dd02275c43d8f80551508a8-200x200.jpg\" class=\"attachment-thumbnail size-thumbnail wp-post-image\" alt=\"\" \/><\/a><\/div><div class=\"w-vwrapper usg_vwrapper_1 align_none valign_top\"><div class=\"w-hwrapper usg_hwrapper_1 align_none valign_middle\"><time class=\"w-post-elm post_date usg_post_date_1 has_text_color entry-date published\" datetime=\"2025-01-26T16:59:38+08:00\">01\/26\/2025<\/time><div class=\"w-post-elm post_taxonomy usg_post_taxonomy_1 has_text_color style_simple color_link_inherit\"><span class=\"w-post-elm-before\">, <\/span><a class=\"term-7 term-knowledge-center\" href=\"https:\/\/onechassis.com\/de\/category\/knowledge-center\/\"><span class=\"w-btn-label\">Wissenszentrum<\/span><\/a><\/div><\/div><h5 class=\"w-post-elm post_title usg_post_title_1 entry-title color_link_inherit\"><a href=\"https:\/\/onechassis.com\/de\/knowledge-center\/optimize-your-custom-server-chassis-enclosure-with-the-right-drawer-slides\/\">Optimieren Sie Ihr individuelles Server-Geh\u00e4use mit dem richtigen...<\/a><\/h5><\/div>\t\t<\/div>\r\n\t\t\t<\/article>\r\n\t<article class=\"w-grid-item size_1x1 post-12444 post type-post status-publish format-standard has-post-thumbnail hentry category-knowledge-center tag-knowledge\" data-id=\"12444\">\r\n\t\t<div class=\"w-grid-item-h\">\r\n\t\t\t\t\t\t<div class=\"w-post-elm post_image usg_post_image_2 stretched\"><a href=\"https:\/\/onechassis.com\/de\/knowledge-center\/electronic-enclosures-the-ultimate-guide-to-protecting-your-electronics\/\" aria-label=\"Elektronik-Geh\u00e4use: Der ultimative Leitfaden zum Schutz Ihrer Elektronik\"><img loading=\"lazy\" decoding=\"async\" width=\"200\" height=\"200\" src=\"https:\/\/onechassis.com\/wp-content\/uploads\/2025\/01\/images-200x200.png\" class=\"attachment-thumbnail size-thumbnail wp-post-image\" alt=\"\" \/><\/a><\/div><div class=\"w-vwrapper usg_vwrapper_1 align_none valign_top\"><div class=\"w-hwrapper usg_hwrapper_1 align_none valign_middle\"><time class=\"w-post-elm post_date usg_post_date_1 has_text_color entry-date published\" datetime=\"2025-01-26T16:42:24+08:00\">01\/26\/2025<\/time><div class=\"w-post-elm post_taxonomy usg_post_taxonomy_1 has_text_color style_simple color_link_inherit\"><span class=\"w-post-elm-before\">, <\/span><a class=\"term-7 term-knowledge-center\" href=\"https:\/\/onechassis.com\/de\/category\/knowledge-center\/\"><span class=\"w-btn-label\">Wissenszentrum<\/span><\/a><\/div><\/div><h5 class=\"w-post-elm post_title usg_post_title_1 entry-title color_link_inherit\"><a href=\"https:\/\/onechassis.com\/de\/knowledge-center\/electronic-enclosures-the-ultimate-guide-to-protecting-your-electronics\/\">Elektronische Geh\u00e4use: Der ultimative Leitfaden zum Schutz Ihrer...<\/a><\/h5><\/div>\t\t<\/div>\r\n\t\t\t<\/article>\r\n\t<article class=\"w-grid-item size_1x1 post-12418 post type-post status-publish format-standard has-post-thumbnail hentry category-knowledge-center tag-knowledge\" data-id=\"12418\">\r\n\t\t<div class=\"w-grid-item-h\">\r\n\t\t\t\t\t\t<div class=\"w-post-elm post_image usg_post_image_2 stretched\"><a href=\"https:\/\/onechassis.com\/de\/knowledge-center\/rock-solid-protection-the-ultimate-guide-to-rack-mount-cases\/\" aria-label=\"Felsenfester Schutz: Der ultimative Leitfaden f\u00fcr Rack Mount Cases\"><img loading=\"lazy\" decoding=\"async\" width=\"200\" height=\"200\" src=\"https:\/\/onechassis.com\/wp-content\/uploads\/2025\/01\/ad58286b5b718be3349ec2d878ec5ec-200x200.jpg\" class=\"attachment-thumbnail size-thumbnail wp-post-image\" alt=\"\" \/><\/a><\/div><div class=\"w-vwrapper usg_vwrapper_1 align_none valign_top\"><div class=\"w-hwrapper usg_hwrapper_1 align_none valign_middle\"><time class=\"w-post-elm post_date usg_post_date_1 has_text_color entry-date published\" datetime=\"2025-01-26T11:56:44+08:00\">01\/26\/2025<\/time><div class=\"w-post-elm post_taxonomy usg_post_taxonomy_1 has_text_color style_simple color_link_inherit\"><span class=\"w-post-elm-before\">, <\/span><a class=\"term-7 term-knowledge-center\" href=\"https:\/\/onechassis.com\/de\/category\/knowledge-center\/\"><span class=\"w-btn-label\">Wissenszentrum<\/span><\/a><\/div><\/div><h5 class=\"w-post-elm post_title usg_post_title_1 entry-title color_link_inherit\"><a href=\"https:\/\/onechassis.com\/de\/knowledge-center\/rock-solid-protection-the-ultimate-guide-to-rack-mount-cases\/\">Felsenfester Schutz: Der ultimative Leitfaden f\u00fcr Rack Mount Case...<\/a><\/h5><\/div>\t\t<\/div>\r\n\t\t\t<\/article>\r\n\t<article class=\"w-grid-item size_1x1 post-12411 post type-post status-publish format-standard has-post-thumbnail hentry category-knowledge-center tag-knowledge\" data-id=\"12411\">\r\n\t\t<div class=\"w-grid-item-h\">\r\n\t\t\t\t\t\t<div class=\"w-post-elm post_image usg_post_image_2 stretched\"><a href=\"https:\/\/onechassis.com\/de\/knowledge-center\/sheet-metal-or-plastic-best-server-chassis-enclosure-for-your-needs\/\" aria-label=\"Blech oder Kunststoff: Das beste Server-Geh\u00e4use f\u00fcr Ihre Bed\u00fcrfnisse?\"><img loading=\"lazy\" decoding=\"async\" width=\"200\" height=\"200\" src=\"https:\/\/onechassis.com\/wp-content\/uploads\/2025\/01\/57a23308371de4b1b4d2a8264abd042-200x200.jpg\" class=\"attachment-thumbnail size-thumbnail wp-post-image\" alt=\"\" \/><\/a><\/div><div class=\"w-vwrapper usg_vwrapper_1 align_none valign_top\"><div class=\"w-hwrapper usg_hwrapper_1 align_none valign_middle\"><time class=\"w-post-elm post_date usg_post_date_1 has_text_color entry-date published\" datetime=\"2025-01-26T11:20:57+08:00\">01\/26\/2025<\/time><div class=\"w-post-elm post_taxonomy usg_post_taxonomy_1 has_text_color style_simple color_link_inherit\"><span class=\"w-post-elm-before\">, <\/span><a class=\"term-7 term-knowledge-center\" href=\"https:\/\/onechassis.com\/de\/category\/knowledge-center\/\"><span class=\"w-btn-label\">Wissenszentrum<\/span><\/a><\/div><\/div><h5 class=\"w-post-elm post_title usg_post_title_1 entry-title color_link_inherit\"><a href=\"https:\/\/onechassis.com\/de\/knowledge-center\/sheet-metal-or-plastic-best-server-chassis-enclosure-for-your-needs\/\">Blech oder Kunststoff: Das beste Server-Geh\u00e4use f\u00fcr Ihr...<\/a><\/h5><\/div>\t\t<\/div>\r\n\t\t\t<\/article>\r\n\t<article class=\"w-grid-item size_1x1 post-12378 post type-post status-publish format-standard has-post-thumbnail hentry category-knowledge-center tag-knowledge\" data-id=\"12378\">\r\n\t\t<div class=\"w-grid-item-h\">\r\n\t\t\t\t\t\t<div class=\"w-post-elm post_image usg_post_image_2 stretched\"><a href=\"https:\/\/onechassis.com\/de\/knowledge-center\/choosing-the-right-metal-for-server-chassis-enclosure-a-key-decision\/\" aria-label=\"Die Wahl des richtigen Metalls f\u00fcr ein Servergeh\u00e4use: Eine wichtige Entscheidung\"><img loading=\"lazy\" decoding=\"async\" width=\"200\" height=\"200\" src=\"https:\/\/onechassis.com\/wp-content\/uploads\/2023\/01\/factory-tour-Sheet-metal-SGCC-material-200x200.webp\" class=\"attachment-thumbnail size-thumbnail wp-post-image\" alt=\"Werksbesichtigung - Blech SGCC Material\" \/><\/a><\/div><div class=\"w-vwrapper usg_vwrapper_1 align_none valign_top\"><div class=\"w-hwrapper usg_hwrapper_1 align_none valign_middle\"><time class=\"w-post-elm post_date usg_post_date_1 has_text_color entry-date published\" datetime=\"2025-01-24T18:15:44+08:00\">01\/24\/2025<\/time><div class=\"w-post-elm post_taxonomy usg_post_taxonomy_1 has_text_color style_simple color_link_inherit\"><span class=\"w-post-elm-before\">, <\/span><a class=\"term-7 term-knowledge-center\" href=\"https:\/\/onechassis.com\/de\/category\/knowledge-center\/\"><span class=\"w-btn-label\">Wissenszentrum<\/span><\/a><\/div><\/div><h5 class=\"w-post-elm post_title usg_post_title_1 entry-title color_link_inherit\"><a href=\"https:\/\/onechassis.com\/de\/knowledge-center\/choosing-the-right-metal-for-server-chassis-enclosure-a-key-decision\/\">Die Wahl des richtigen Metalls f\u00fcr ein Servergeh\u00e4use: Ein Schl\u00fcssel...<\/a><\/h5><\/div>\t\t<\/div>\r\n\t\t\t<\/article>\r\n\t<article class=\"w-grid-item size_1x1 post-12370 post type-post status-publish format-standard has-post-thumbnail hentry category-knowledge-center tag-knowledge\" data-id=\"12370\">\r\n\t\t<div class=\"w-grid-item-h\">\r\n\t\t\t\t\t\t<div class=\"w-post-elm post_image usg_post_image_2 stretched\"><a href=\"https:\/\/onechassis.com\/de\/knowledge-center\/anodized-aluminum-enclosures-for-server-chassis-durable-aesthetic\/\" aria-label=\"Eloxierte Aluminium-Geh\u00e4use f\u00fcr Server-Geh\u00e4use: Langlebig und \u00e4sthetisch\"><img loading=\"lazy\" decoding=\"async\" width=\"150\" height=\"150\" src=\"https:\/\/onechassis.com\/wp-content\/uploads\/2022\/08\/ITX-CASE-OCS21-M-onechassis-1-150x150.jpg\" class=\"attachment-thumbnail size-thumbnail wp-post-image\" alt=\"Mini ITX-Geh\u00e4use - OCS21-M -onechassis\" srcset=\"https:\/\/onechassis.com\/wp-content\/uploads\/2022\/08\/ITX-CASE-OCS21-M-onechassis-1-150x150.jpg 150w, https:\/\/onechassis.com\/wp-content\/uploads\/2022\/08\/ITX-CASE-OCS21-M-onechassis-1-300x300.jpg 300w, https:\/\/onechassis.com\/wp-content\/uploads\/2022\/08\/ITX-CASE-OCS21-M-onechassis-1-630x630.jpg 630w, https:\/\/onechassis.com\/wp-content\/uploads\/2022\/08\/ITX-CASE-OCS21-M-onechassis-1.jpg 800w, https:\/\/onechassis.com\/wp-content\/uploads\/2022\/08\/ITX-CASE-OCS21-M-onechassis-1-400x400.jpg 400w, https:\/\/onechassis.com\/wp-content\/uploads\/2022\/08\/ITX-CASE-OCS21-M-onechassis-1-600x600.jpg 600w\" sizes=\"auto, (max-width: 150px) 100vw, 150px\" \/><\/a><\/div><div class=\"w-vwrapper usg_vwrapper_1 align_none valign_top\"><div class=\"w-hwrapper usg_hwrapper_1 align_none valign_middle\"><time class=\"w-post-elm post_date usg_post_date_1 has_text_color entry-date published\" datetime=\"2025-01-24T17:52:27+08:00\">01\/24\/2025<\/time><div class=\"w-post-elm post_taxonomy usg_post_taxonomy_1 has_text_color style_simple color_link_inherit\"><span class=\"w-post-elm-before\">, <\/span><a class=\"term-7 term-knowledge-center\" href=\"https:\/\/onechassis.com\/de\/category\/knowledge-center\/\"><span class=\"w-btn-label\">Wissenszentrum<\/span><\/a><\/div><\/div><h5 class=\"w-post-elm post_title usg_post_title_1 entry-title color_link_inherit\"><a href=\"https:\/\/onechassis.com\/de\/knowledge-center\/anodized-aluminum-enclosures-for-server-chassis-durable-aesthetic\/\">Eloxierte Aluminium-Geh\u00e4use f\u00fcr Server-Geh\u00e4use: Langlebig...<\/a><\/h5><\/div>\t\t<\/div>\r\n\t\t\t<\/article>\r\n\t<article class=\"w-grid-item size_1x1 post-12335 post type-post status-publish format-standard has-post-thumbnail hentry category-knowledge-center tag-knowledge\" data-id=\"12335\">\r\n\t\t<div class=\"w-grid-item-h\">\r\n\t\t\t\t\t\t<div class=\"w-post-elm post_image usg_post_image_2 stretched\"><a href=\"https:\/\/onechassis.com\/de\/knowledge-center\/rack-mount-enclosures-the-ultimate-guide-to-cabinets-chassis\/\" aria-label=\"Rack Mount Enclosures: Der ultimative Leitfaden f\u00fcr Schr\u00e4nke und Chassis\"><img loading=\"lazy\" decoding=\"async\" width=\"200\" height=\"200\" src=\"https:\/\/onechassis.com\/wp-content\/uploads\/2025\/01\/87040444a9a3670b4b46fee1d9de658-200x200.jpg\" class=\"attachment-thumbnail size-thumbnail wp-post-image\" alt=\"\" \/><\/a><\/div><div class=\"w-vwrapper usg_vwrapper_1 align_none valign_top\"><div class=\"w-hwrapper usg_hwrapper_1 align_none valign_middle\"><time class=\"w-post-elm post_date usg_post_date_1 has_text_color entry-date published\" datetime=\"2025-01-24T16:30:12+08:00\">01\/24\/2025<\/time><div class=\"w-post-elm post_taxonomy usg_post_taxonomy_1 has_text_color style_simple color_link_inherit\"><span class=\"w-post-elm-before\">, <\/span><a class=\"term-7 term-knowledge-center\" href=\"https:\/\/onechassis.com\/de\/category\/knowledge-center\/\"><span class=\"w-btn-label\">Wissenszentrum<\/span><\/a><\/div><\/div><h5 class=\"w-post-elm post_title usg_post_title_1 entry-title color_link_inherit\"><a href=\"https:\/\/onechassis.com\/de\/knowledge-center\/rack-mount-enclosures-the-ultimate-guide-to-cabinets-chassis\/\">Rack Mount Enclosures: Der ultimative Leitfaden f\u00fcr Schr\u00e4nke &amp;...<\/a><\/h5><\/div>\t\t<\/div>\r\n\t\t\t<\/article>\r\n<\/div>\t<div class=\"w-grid-preloader\">\r\n\t\t<div class=\"g-preloader type_1\">\r\n\t\t\t<div><\/div>\r\n\t\t<\/div>\r\n\t<\/div>\r\n\t\t<div class=\"w-grid-json hidden\" onclick='return {&quot;action&quot;:&quot;us_ajax_grid&quot;,&quot;infinite_scroll&quot;:0,&quot;max_num_pages&quot;:2,&quot;pagination&quot;:&quot;none&quot;,&quot;template_vars&quot;:{&quot;columns&quot;:&quot;3&quot;,&quot;exclude_items&quot;:&quot;none&quot;,&quot;img_size&quot;:&quot;default&quot;,&quot;ignore_items_size&quot;:0,&quot;items_layout&quot;:&quot;144&quot;,&quot;items_offset&quot;:&quot;1&quot;,&quot;load_animation&quot;:&quot;none&quot;,&quot;overriding_link&quot;:&quot;%7B%22url%22%3A%22%22%7D&quot;,&quot;post_id&quot;:0,&quot;query_args&quot;:{&quot;post_type&quot;:[&quot;post&quot;],&quot;tax_query&quot;:[{&quot;taxonomy&quot;:&quot;category&quot;,&quot;field&quot;:&quot;slug&quot;,&quot;terms&quot;:[&quot;knowledge-center&quot;]},{&quot;taxonomy&quot;:&quot;post_tag&quot;,&quot;field&quot;:&quot;slug&quot;,&quot;terms&quot;:[&quot;knowledge&quot;]}],&quot;post_status&quot;:[&quot;publish&quot;,&quot;acf-disabled&quot;],&quot;posts_per_page&quot;:&quot;10&quot;},&quot;orderby_query_args&quot;:{&quot;orderby&quot;:{&quot;date&quot;:&quot;DESC&quot;}},&quot;type&quot;:&quot;grid&quot;,&quot;us_grid_post_type&quot;:&quot;post&quot;,&quot;us_grid_ajax_index&quot;:1,&quot;us_grid_filter_query_string&quot;:null,&quot;us_grid_index&quot;:1,&quot;page_args&quot;:[]}}'><\/div>\r\n\t<\/div><\/div><\/div><\/div><\/div><\/section>","protected":false},"excerpt":{"rendered":"Dieser Artikel bietet einen umfassenden \u00dcberblick \u00fcber Rackmount-Geh\u00e4use, die wesentlichen Komponenten f\u00fcr die Organisation, den Schutz und die Sicherung Ihrer wertvollen rackmontierten Ger\u00e4te. Wir befassen uns mit verschiedenen Arten von Geh\u00e4usen, von 1U bis 4U und gr\u00f6\u00dfer, einschlie\u00dflich 19-Zoll-Rack-Geh\u00e4usen, Wandmontageoptionen und Aluminium-Rackmount-Geh\u00e4usen. Egal, ob Sie ein Heimstudio einrichten, ein...","protected":false},"author":1,"featured_media":0,"parent":0,"menu_order":0,"comment_status":"closed","ping_status":"closed","template":"","meta":{"_acf_changed":false,"footnotes":""},"class_list":["post-11982","page","type-page","status-publish","hentry"],"acf":[],"_links":{"self":[{"href":"https:\/\/onechassis.com\/de\/wp-json\/wp\/v2\/pages\/11982","targetHints":{"allow":["GET"]}}],"collection":[{"href":"https:\/\/onechassis.com\/de\/wp-json\/wp\/v2\/pages"}],"about":[{"href":"https:\/\/onechassis.com\/de\/wp-json\/wp\/v2\/types\/page"}],"author":[{"embeddable":true,"href":"https:\/\/onechassis.com\/de\/wp-json\/wp\/v2\/users\/1"}],"replies":[{"embeddable":true,"href":"https:\/\/onechassis.com\/de\/wp-json\/wp\/v2\/comments?post=11982"}],"version-history":[{"count":0,"href":"https:\/\/onechassis.com\/de\/wp-json\/wp\/v2\/pages\/11982\/revisions"}],"wp:attachment":[{"href":"https:\/\/onechassis.com\/de\/wp-json\/wp\/v2\/media?parent=11982"}],"curies":[{"name":"wp","href":"https:\/\/api.w.org\/{rel}","templated":true}]}}